{"id":524,"date":"2024-02-07T10:35:23","date_gmt":"2024-02-07T10:35:23","guid":{"rendered":"https:\/\/staging.sanlorenzodellarabatta.com\/?page_id=524"},"modified":"2024-04-09T08:14:04","modified_gmt":"2024-04-09T08:14:04","slug":"organizza-il-tuo-seminario","status":"publish","type":"page","link":"http:\/\/sanlorenzodellarabatta.com\/fr\/organizza-il-tuo-seminario\/","title":{"rendered":"Organisez votre s\u00e9minaire"},"content":{"rendered":"<p>Yoga, pilates, feldenkrais, tai chi, coaching, ayurveda, th\u00e9rapie florale, psychologie appliqu\u00e9e, enn\u00e9agramme, pleine conscience, m\u00e9ditation... Peinture, chant, musique, th\u00e9\u00e2tre, danse... Quelle que soit votre discipline, vous serez le bienvenu.<br>Vous disposerez de tout le soutien n\u00e9cessaire pour organiser au mieux votre cours ou votre s\u00e9minaire.Cuisine v\u00e9g\u00e9tarienne, v\u00e9g\u00e9talienne, typique de la r\u00e9gion, avec 0 km et des produits biologiques.L'\u00e9nergie particuli\u00e8re de San Lorenzo della Rabatta est une exp\u00e9rience vivante.<\/p>","protected":false},"excerpt":{"rendered":"<p>\"Il y a des endroits o\u00f9 le monde vous appara\u00eet diff\u00e9rent, des paysages qui \u00e9voquent des sensations, des pr\u00e9sages, un souvenir profond, un espace sacr\u00e9 \u00e0 regarder avec des yeux nouveaux que seule l'\u00e2me a le droit d'explorer.\"<\/p>","protected":false},"author":1,"featured_media":581,"parent":0,"menu_order":50,"comment_status":"closed","ping_status":"closed","template":"","meta":{"_acf_changed":false,"footnotes":""},"class_list":["post-524","page","type-page","status-publish","has-post-thumbnail","hentry"],"acf":[],"yoast_head":"<!-- This site is optimized with the Yoast SEO plugin v24.5 - https:\/\/yoast.com\/wordpress\/plugins\/seo\/ -->\n<title>Organizza il tuo seminario - San Lorenzo della Rabatta<\/title>\n<meta name=\"robots\" content=\"index, follow, max-snippet:-1, max-image-preview:large, max-video-preview:-1\" \/>\n<link rel=\"canonical\" href=\"https:\/\/sanlorenzodellarabatta.com\/fr\/organizza-il-tuo-seminario\/\" \/>\n<meta property=\"og:locale\" content=\"fr_FR\" \/>\n<meta property=\"og:type\" content=\"article\" \/>\n<meta property=\"og:title\" content=\"Organizza il tuo seminario - San Lorenzo della Rabatta\" \/>\n<meta property=\"og:description\" content=\"&quot;Ci sono luoghi in cui il mondo ti appare diverso, paesaggi che             richiamano sensazioni, presagi, una memoria profonda, uno spazio sacro da guardare con occhi nuovi a cui solo all\u2019anima \u00e8 dato indagare&quot;\" \/>\n<meta property=\"og:url\" content=\"https:\/\/sanlorenzodellarabatta.com\/fr\/organizza-il-tuo-seminario\/\" \/>\n<meta property=\"og:site_name\" content=\"San Lorenzo della Rabatta\" \/>\n<meta property=\"article:modified_time\" content=\"2024-04-09T08:14:04+00:00\" \/>\n<meta property=\"og:image\" content=\"https:\/\/sanlorenzodellarabatta.com\/wp-content\/uploads\/2024\/02\/1.jpg\" \/>\n\t<meta property=\"og:image:width\" content=\"960\" \/>\n\t<meta property=\"og:image:height\" content=\"640\" \/>\n\t<meta property=\"og:image:type\" content=\"image\/jpeg\" \/>\n<meta name=\"twitter:card\" content=\"summary_large_image\" \/>\n<meta name=\"twitter:label1\" content=\"Dur\u00e9e de lecture estim\u00e9e\" \/>\n\t<meta name=\"twitter:data1\" content=\"1 minute\" \/>\n<script type=\"application\/ld+json\" class=\"yoast-schema-graph\">{\"@context\":\"https:\/\/schema.org\",\"@graph\":[{\"@type\":\"WebPage\",\"@id\":\"https:\/\/sanlorenzodellarabatta.com\/organizza-il-tuo-seminario\/\",\"url\":\"https:\/\/sanlorenzodellarabatta.com\/organizza-il-tuo-seminario\/\",\"name\":\"Organizza il tuo seminario - San Lorenzo della Rabatta\",\"isPartOf\":{\"@id\":\"https:\/\/sanlorenzodellarabatta.com\/#website\"},\"primaryImageOfPage\":{\"@id\":\"https:\/\/sanlorenzodellarabatta.com\/organizza-il-tuo-seminario\/#primaryimage\"},\"image\":{\"@id\":\"https:\/\/sanlorenzodellarabatta.com\/organizza-il-tuo-seminario\/#primaryimage\"},\"thumbnailUrl\":\"https:\/\/sanlorenzodellarabatta.com\/wp-content\/uploads\/2024\/02\/1.jpg\",\"datePublished\":\"2024-02-07T10:35:23+00:00\",\"dateModified\":\"2024-04-09T08:14:04+00:00\",\"breadcrumb\":{\"@id\":\"https:\/\/sanlorenzodellarabatta.com\/organizza-il-tuo-seminario\/#breadcrumb\"},\"inLanguage\":\"fr-FR\",\"potentialAction\":[{\"@type\":\"ReadAction\",\"target\":[\"https:\/\/sanlorenzodellarabatta.com\/organizza-il-tuo-seminario\/\"]}]},{\"@type\":\"ImageObject\",\"inLanguage\":\"fr-FR\",\"@id\":\"https:\/\/sanlorenzodellarabatta.com\/organizza-il-tuo-seminario\/#primaryimage\",\"url\":\"https:\/\/sanlorenzodellarabatta.com\/wp-content\/uploads\/2024\/02\/1.jpg\",\"contentUrl\":\"https:\/\/sanlorenzodellarabatta.com\/wp-content\/uploads\/2024\/02\/1.jpg\",\"width\":960,\"height\":640},{\"@type\":\"BreadcrumbList\",\"@id\":\"https:\/\/sanlorenzodellarabatta.com\/organizza-il-tuo-seminario\/#breadcrumb\",\"itemListElement\":[{\"@type\":\"ListItem\",\"position\":1,\"name\":\"Home\",\"item\":\"https:\/\/sanlorenzodellarabatta.com\/\"},{\"@type\":\"ListItem\",\"position\":2,\"name\":\"Organizza il tuo seminario\"}]},{\"@type\":\"WebSite\",\"@id\":\"https:\/\/sanlorenzodellarabatta.com\/#website\",\"url\":\"https:\/\/sanlorenzodellarabatta.com\/\",\"name\":\"San Lorenzo della Rabatta\",\"description\":\"borgo medievale\",\"publisher\":{\"@id\":\"https:\/\/sanlorenzodellarabatta.com\/#organization\"},\"potentialAction\":[{\"@type\":\"SearchAction\",\"target\":{\"@type\":\"EntryPoint\",\"urlTemplate\":\"https:\/\/sanlorenzodellarabatta.com\/?s={search_term_string}\"},\"query-input\":{\"@type\":\"PropertyValueSpecification\",\"valueRequired\":true,\"valueName\":\"search_term_string\"}}],\"inLanguage\":\"fr-FR\"},{\"@type\":\"Organization\",\"@id\":\"https:\/\/sanlorenzodellarabatta.com\/#organization\",\"name\":\"San Lorenzo della Rabatta\",\"url\":\"https:\/\/sanlorenzodellarabatta.com\/\",\"logo\":{\"@type\":\"ImageObject\",\"inLanguage\":\"fr-FR\",\"@id\":\"https:\/\/sanlorenzodellarabatta.com\/#\/schema\/logo\/image\/\",\"url\":\"https:\/\/sanlorenzodellarabatta.com\/wp-content\/uploads\/2024\/01\/logo-white-1.png\",\"contentUrl\":\"https:\/\/sanlorenzodellarabatta.com\/wp-content\/uploads\/2024\/01\/logo-white-1.png\",\"width\":881,\"height\":202,\"caption\":\"San Lorenzo della Rabatta\"},\"image\":{\"@id\":\"https:\/\/sanlorenzodellarabatta.com\/#\/schema\/logo\/image\/\"}}]}<\/script>\n<!-- \/ Yoast SEO plugin. -->","yoast_head_json":{"title":"Organizza il tuo seminario - San Lorenzo della Rabatta","robots":{"index":"index","follow":"follow","max-snippet":"max-snippet:-1","max-image-preview":"max-image-preview:large","max-video-preview":"max-video-preview:-1"},"canonical":"https:\/\/sanlorenzodellarabatta.com\/fr\/organizza-il-tuo-seminario\/","og_locale":"fr_FR","og_type":"article","og_title":"Organizza il tuo seminario - San Lorenzo della Rabatta","og_description":"\"Ci sono luoghi in cui il mondo ti appare diverso, paesaggi che             richiamano sensazioni, presagi, una memoria profonda, uno spazio sacro da guardare con occhi nuovi a cui solo all\u2019anima \u00e8 dato indagare\"","og_url":"https:\/\/sanlorenzodellarabatta.com\/fr\/organizza-il-tuo-seminario\/","og_site_name":"San Lorenzo della Rabatta","article_modified_time":"2024-04-09T08:14:04+00:00","og_image":[{"width":960,"height":640,"url":"https:\/\/sanlorenzodellarabatta.com\/wp-content\/uploads\/2024\/02\/1.jpg","type":"image\/jpeg"}],"twitter_card":"summary_large_image","twitter_misc":{"Dur\u00e9e de lecture estim\u00e9e":"1 minute"},"schema":{"@context":"https:\/\/schema.org","@graph":[{"@type":"WebPage","@id":"https:\/\/sanlorenzodellarabatta.com\/organizza-il-tuo-seminario\/","url":"https:\/\/sanlorenzodellarabatta.com\/organizza-il-tuo-seminario\/","name":"Organizza il tuo seminario - San Lorenzo della Rabatta","isPartOf":{"@id":"https:\/\/sanlorenzodellarabatta.com\/#website"},"primaryImageOfPage":{"@id":"https:\/\/sanlorenzodellarabatta.com\/organizza-il-tuo-seminario\/#primaryimage"},"image":{"@id":"https:\/\/sanlorenzodellarabatta.com\/organizza-il-tuo-seminario\/#primaryimage"},"thumbnailUrl":"https:\/\/sanlorenzodellarabatta.com\/wp-content\/uploads\/2024\/02\/1.jpg","datePublished":"2024-02-07T10:35:23+00:00","dateModified":"2024-04-09T08:14:04+00:00","breadcrumb":{"@id":"https:\/\/sanlorenzodellarabatta.com\/organizza-il-tuo-seminario\/#breadcrumb"},"inLanguage":"fr-FR","potentialAction":[{"@type":"ReadAction","target":["https:\/\/sanlorenzodellarabatta.com\/organizza-il-tuo-seminario\/"]}]},{"@type":"ImageObject","inLanguage":"fr-FR","@id":"https:\/\/sanlorenzodellarabatta.com\/organizza-il-tuo-seminario\/#primaryimage","url":"https:\/\/sanlorenzodellarabatta.com\/wp-content\/uploads\/2024\/02\/1.jpg","contentUrl":"https:\/\/sanlorenzodellarabatta.com\/wp-content\/uploads\/2024\/02\/1.jpg","width":960,"height":640},{"@type":"BreadcrumbList","@id":"https:\/\/sanlorenzodellarabatta.com\/organizza-il-tuo-seminario\/#breadcrumb","itemListElement":[{"@type":"ListItem","position":1,"name":"Home","item":"https:\/\/sanlorenzodellarabatta.com\/"},{"@type":"ListItem","position":2,"name":"Organizza il tuo seminario"}]},{"@type":"WebSite","@id":"https:\/\/sanlorenzodellarabatta.com\/#website","url":"https:\/\/sanlorenzodellarabatta.com\/","name":"San Lorenzo della Rabatta","description":"borgo medievale","publisher":{"@id":"https:\/\/sanlorenzodellarabatta.com\/#organization"},"potentialAction":[{"@type":"SearchAction","target":{"@type":"EntryPoint","urlTemplate":"https:\/\/sanlorenzodellarabatta.com\/?s={search_term_string}"},"query-input":{"@type":"PropertyValueSpecification","valueRequired":true,"valueName":"search_term_string"}}],"inLanguage":"fr-FR"},{"@type":"Organization","@id":"https:\/\/sanlorenzodellarabatta.com\/#organization","name":"San Lorenzo della Rabatta","url":"https:\/\/sanlorenzodellarabatta.com\/","logo":{"@type":"ImageObject","inLanguage":"fr-FR","@id":"https:\/\/sanlorenzodellarabatta.com\/#\/schema\/logo\/image\/","url":"https:\/\/sanlorenzodellarabatta.com\/wp-content\/uploads\/2024\/01\/logo-white-1.png","contentUrl":"https:\/\/sanlorenzodellarabatta.com\/wp-content\/uploads\/2024\/01\/logo-white-1.png","width":881,"height":202,"caption":"San Lorenzo della Rabatta"},"image":{"@id":"https:\/\/sanlorenzodellarabatta.com\/#\/schema\/logo\/image\/"}}]}},"_links":{"self":[{"href":"http:\/\/sanlorenzodellarabatta.com\/fr\/wp-json\/wp\/v2\/pages\/524","targetHints":{"allow":["GET"]}}],"collection":[{"href":"http:\/\/sanlorenzodellarabatta.com\/fr\/wp-json\/wp\/v2\/pages"}],"about":[{"href":"http:\/\/sanlorenzodellarabatta.com\/fr\/wp-json\/wp\/v2\/types\/page"}],"author":[{"embeddable":true,"href":"http:\/\/sanlorenzodellarabatta.com\/fr\/wp-json\/wp\/v2\/users\/1"}],"replies":[{"embeddable":true,"href":"http:\/\/sanlorenzodellarabatta.com\/fr\/wp-json\/wp\/v2\/comments?post=524"}],"version-history":[{"count":4,"href":"http:\/\/sanlorenzodellarabatta.com\/fr\/wp-json\/wp\/v2\/pages\/524\/revisions"}],"predecessor-version":[{"id":1251,"href":"http:\/\/sanlorenzodellarabatta.com\/fr\/wp-json\/wp\/v2\/pages\/524\/revisions\/1251"}],"wp:featuredmedia":[{"embeddable":true,"href":"http:\/\/sanlorenzodellarabatta.com\/fr\/wp-json\/wp\/v2\/media\/581"}],"wp:attachment":[{"href":"http:\/\/sanlorenzodellarabatta.com\/fr\/wp-json\/wp\/v2\/media?parent=524"}],"curies":[{"name":"wp","href":"https:\/\/api.w.org\/{rel}","templated":true}]}}