{"id":145,"date":"2024-02-06T15:52:43","date_gmt":"2024-02-06T15:52:43","guid":{"rendered":"https:\/\/staging.sanlorenzodellarabatta.com\/?page_id=145"},"modified":"2024-04-19T10:03:50","modified_gmt":"2024-04-19T10:03:50","slug":"agrieventi","status":"publish","type":"page","link":"https:\/\/sanlorenzodellarabatta.com\/es\/agrieventi\/","title":{"rendered":"Agrieventi"},"content":{"rendered":"<p>El Borgo San Lorenzo della Rabatta, situado en una hermosa zona rural, rodeado de verdes colinas y espl\u00e9ndidas vistas, es perfecto para celebrar ocasiones especiales como bautizos, comuniones, confirmaciones, cumplea\u00f1os y cenas de empresa. La organizaci\u00f3n del evento se llevar\u00e1 a cabo con profesionalidad y prestando especial atenci\u00f3n a los detalles para que cada aspecto del evento contribuya a una experiencia memorable.<\/p>","protected":false},"excerpt":{"rendered":"<p>\"La naturaleza no tiene prisa y, sin embargo, todo est\u00e1 logrado\".<\/p>","protected":false},"author":1,"featured_media":582,"parent":0,"menu_order":40,"comment_status":"closed","ping_status":"closed","template":"","meta":{"_acf_changed":false,"footnotes":""},"class_list":["post-145","page","type-page","status-publish","has-post-thumbnail","hentry"],"acf":[],"yoast_head":"<!-- This site is optimized with the Yoast SEO plugin v24.5 - https:\/\/yoast.com\/wordpress\/plugins\/seo\/ -->\n<title>Agrieventi - San Lorenzo della Rabatta<\/title>\n<meta name=\"robots\" content=\"index, follow, max-snippet:-1, max-image-preview:large, max-video-preview:-1\" \/>\n<link rel=\"canonical\" href=\"https:\/\/sanlorenzodellarabatta.com\/es\/agrieventi\/\" \/>\n<meta property=\"og:locale\" content=\"es_ES\" \/>\n<meta property=\"og:type\" content=\"article\" \/>\n<meta property=\"og:title\" content=\"Agrieventi - San Lorenzo della Rabatta\" \/>\n<meta property=\"og:description\" content=\"\u201cLa natura non ha fretta eppure tutto si realizza\u201c\" \/>\n<meta property=\"og:url\" content=\"https:\/\/sanlorenzodellarabatta.com\/es\/agrieventi\/\" \/>\n<meta property=\"og:site_name\" content=\"San Lorenzo della Rabatta\" \/>\n<meta property=\"article:modified_time\" content=\"2024-04-19T10:03:50+00:00\" \/>\n<meta property=\"og:image\" content=\"https:\/\/sanlorenzodellarabatta.com\/wp-content\/uploads\/2024\/02\/2.jpg\" \/>\n\t<meta property=\"og:image:width\" content=\"750\" \/>\n\t<meta property=\"og:image:height\" content=\"400\" \/>\n\t<meta property=\"og:image:type\" content=\"image\/jpeg\" \/>\n<meta name=\"twitter:card\" content=\"summary_large_image\" \/>\n<meta name=\"twitter:label1\" content=\"Tiempo de lectura\" \/>\n\t<meta name=\"twitter:data1\" content=\"1 minuto\" \/>\n<script type=\"application\/ld+json\" class=\"yoast-schema-graph\">{\"@context\":\"https:\/\/schema.org\",\"@graph\":[{\"@type\":\"WebPage\",\"@id\":\"https:\/\/sanlorenzodellarabatta.com\/agrieventi\/\",\"url\":\"https:\/\/sanlorenzodellarabatta.com\/agrieventi\/\",\"name\":\"Agrieventi - San Lorenzo della Rabatta\",\"isPartOf\":{\"@id\":\"https:\/\/sanlorenzodellarabatta.com\/#website\"},\"primaryImageOfPage\":{\"@id\":\"https:\/\/sanlorenzodellarabatta.com\/agrieventi\/#primaryimage\"},\"image\":{\"@id\":\"https:\/\/sanlorenzodellarabatta.com\/agrieventi\/#primaryimage\"},\"thumbnailUrl\":\"https:\/\/sanlorenzodellarabatta.com\/wp-content\/uploads\/2024\/02\/2.jpg\",\"datePublished\":\"2024-02-06T15:52:43+00:00\",\"dateModified\":\"2024-04-19T10:03:50+00:00\",\"breadcrumb\":{\"@id\":\"https:\/\/sanlorenzodellarabatta.com\/agrieventi\/#breadcrumb\"},\"inLanguage\":\"es\",\"potentialAction\":[{\"@type\":\"ReadAction\",\"target\":[\"https:\/\/sanlorenzodellarabatta.com\/agrieventi\/\"]}]},{\"@type\":\"ImageObject\",\"inLanguage\":\"es\",\"@id\":\"https:\/\/sanlorenzodellarabatta.com\/agrieventi\/#primaryimage\",\"url\":\"https:\/\/sanlorenzodellarabatta.com\/wp-content\/uploads\/2024\/02\/2.jpg\",\"contentUrl\":\"https:\/\/sanlorenzodellarabatta.com\/wp-content\/uploads\/2024\/02\/2.jpg\",\"width\":750,\"height\":400},{\"@type\":\"BreadcrumbList\",\"@id\":\"https:\/\/sanlorenzodellarabatta.com\/agrieventi\/#breadcrumb\",\"itemListElement\":[{\"@type\":\"ListItem\",\"position\":1,\"name\":\"Home\",\"item\":\"https:\/\/sanlorenzodellarabatta.com\/\"},{\"@type\":\"ListItem\",\"position\":2,\"name\":\"Agrieventi\"}]},{\"@type\":\"WebSite\",\"@id\":\"https:\/\/sanlorenzodellarabatta.com\/#website\",\"url\":\"https:\/\/sanlorenzodellarabatta.com\/\",\"name\":\"San Lorenzo della Rabatta\",\"description\":\"borgo medievale\",\"publisher\":{\"@id\":\"https:\/\/sanlorenzodellarabatta.com\/#organization\"},\"potentialAction\":[{\"@type\":\"SearchAction\",\"target\":{\"@type\":\"EntryPoint\",\"urlTemplate\":\"https:\/\/sanlorenzodellarabatta.com\/?s={search_term_string}\"},\"query-input\":{\"@type\":\"PropertyValueSpecification\",\"valueRequired\":true,\"valueName\":\"search_term_string\"}}],\"inLanguage\":\"es\"},{\"@type\":\"Organization\",\"@id\":\"https:\/\/sanlorenzodellarabatta.com\/#organization\",\"name\":\"San Lorenzo della Rabatta\",\"url\":\"https:\/\/sanlorenzodellarabatta.com\/\",\"logo\":{\"@type\":\"ImageObject\",\"inLanguage\":\"es\",\"@id\":\"https:\/\/sanlorenzodellarabatta.com\/#\/schema\/logo\/image\/\",\"url\":\"https:\/\/sanlorenzodellarabatta.com\/wp-content\/uploads\/2024\/01\/logo-white-1.png\",\"contentUrl\":\"https:\/\/sanlorenzodellarabatta.com\/wp-content\/uploads\/2024\/01\/logo-white-1.png\",\"width\":881,\"height\":202,\"caption\":\"San Lorenzo della Rabatta\"},\"image\":{\"@id\":\"https:\/\/sanlorenzodellarabatta.com\/#\/schema\/logo\/image\/\"}}]}<\/script>\n<!-- \/ Yoast SEO plugin. -->","yoast_head_json":{"title":"Agrieventi - San Lorenzo della Rabatta","robots":{"index":"index","follow":"follow","max-snippet":"max-snippet:-1","max-image-preview":"max-image-preview:large","max-video-preview":"max-video-preview:-1"},"canonical":"https:\/\/sanlorenzodellarabatta.com\/es\/agrieventi\/","og_locale":"es_ES","og_type":"article","og_title":"Agrieventi - San Lorenzo della Rabatta","og_description":"\u201cLa natura non ha fretta eppure tutto si realizza\u201c","og_url":"https:\/\/sanlorenzodellarabatta.com\/es\/agrieventi\/","og_site_name":"San Lorenzo della Rabatta","article_modified_time":"2024-04-19T10:03:50+00:00","og_image":[{"width":750,"height":400,"url":"https:\/\/sanlorenzodellarabatta.com\/wp-content\/uploads\/2024\/02\/2.jpg","type":"image\/jpeg"}],"twitter_card":"summary_large_image","twitter_misc":{"Tiempo de lectura":"1 minuto"},"schema":{"@context":"https:\/\/schema.org","@graph":[{"@type":"WebPage","@id":"https:\/\/sanlorenzodellarabatta.com\/agrieventi\/","url":"https:\/\/sanlorenzodellarabatta.com\/agrieventi\/","name":"Agrieventi - San Lorenzo della Rabatta","isPartOf":{"@id":"https:\/\/sanlorenzodellarabatta.com\/#website"},"primaryImageOfPage":{"@id":"https:\/\/sanlorenzodellarabatta.com\/agrieventi\/#primaryimage"},"image":{"@id":"https:\/\/sanlorenzodellarabatta.com\/agrieventi\/#primaryimage"},"thumbnailUrl":"https:\/\/sanlorenzodellarabatta.com\/wp-content\/uploads\/2024\/02\/2.jpg","datePublished":"2024-02-06T15:52:43+00:00","dateModified":"2024-04-19T10:03:50+00:00","breadcrumb":{"@id":"https:\/\/sanlorenzodellarabatta.com\/agrieventi\/#breadcrumb"},"inLanguage":"es","potentialAction":[{"@type":"ReadAction","target":["https:\/\/sanlorenzodellarabatta.com\/agrieventi\/"]}]},{"@type":"ImageObject","inLanguage":"es","@id":"https:\/\/sanlorenzodellarabatta.com\/agrieventi\/#primaryimage","url":"https:\/\/sanlorenzodellarabatta.com\/wp-content\/uploads\/2024\/02\/2.jpg","contentUrl":"https:\/\/sanlorenzodellarabatta.com\/wp-content\/uploads\/2024\/02\/2.jpg","width":750,"height":400},{"@type":"BreadcrumbList","@id":"https:\/\/sanlorenzodellarabatta.com\/agrieventi\/#breadcrumb","itemListElement":[{"@type":"ListItem","position":1,"name":"Home","item":"https:\/\/sanlorenzodellarabatta.com\/"},{"@type":"ListItem","position":2,"name":"Agrieventi"}]},{"@type":"WebSite","@id":"https:\/\/sanlorenzodellarabatta.com\/#website","url":"https:\/\/sanlorenzodellarabatta.com\/","name":"San Lorenzo della Rabatta","description":"borgo medievale","publisher":{"@id":"https:\/\/sanlorenzodellarabatta.com\/#organization"},"potentialAction":[{"@type":"SearchAction","target":{"@type":"EntryPoint","urlTemplate":"https:\/\/sanlorenzodellarabatta.com\/?s={search_term_string}"},"query-input":{"@type":"PropertyValueSpecification","valueRequired":true,"valueName":"search_term_string"}}],"inLanguage":"es"},{"@type":"Organization","@id":"https:\/\/sanlorenzodellarabatta.com\/#organization","name":"San Lorenzo della Rabatta","url":"https:\/\/sanlorenzodellarabatta.com\/","logo":{"@type":"ImageObject","inLanguage":"es","@id":"https:\/\/sanlorenzodellarabatta.com\/#\/schema\/logo\/image\/","url":"https:\/\/sanlorenzodellarabatta.com\/wp-content\/uploads\/2024\/01\/logo-white-1.png","contentUrl":"https:\/\/sanlorenzodellarabatta.com\/wp-content\/uploads\/2024\/01\/logo-white-1.png","width":881,"height":202,"caption":"San Lorenzo della Rabatta"},"image":{"@id":"https:\/\/sanlorenzodellarabatta.com\/#\/schema\/logo\/image\/"}}]}},"_links":{"self":[{"href":"https:\/\/sanlorenzodellarabatta.com\/es\/wp-json\/wp\/v2\/pages\/145","targetHints":{"allow":["GET"]}}],"collection":[{"href":"https:\/\/sanlorenzodellarabatta.com\/es\/wp-json\/wp\/v2\/pages"}],"about":[{"href":"https:\/\/sanlorenzodellarabatta.com\/es\/wp-json\/wp\/v2\/types\/page"}],"author":[{"embeddable":true,"href":"https:\/\/sanlorenzodellarabatta.com\/es\/wp-json\/wp\/v2\/users\/1"}],"replies":[{"embeddable":true,"href":"https:\/\/sanlorenzodellarabatta.com\/es\/wp-json\/wp\/v2\/comments?post=145"}],"version-history":[{"count":11,"href":"https:\/\/sanlorenzodellarabatta.com\/es\/wp-json\/wp\/v2\/pages\/145\/revisions"}],"predecessor-version":[{"id":1530,"href":"https:\/\/sanlorenzodellarabatta.com\/es\/wp-json\/wp\/v2\/pages\/145\/revisions\/1530"}],"wp:featuredmedia":[{"embeddable":true,"href":"https:\/\/sanlorenzodellarabatta.com\/es\/wp-json\/wp\/v2\/media\/582"}],"wp:attachment":[{"href":"https:\/\/sanlorenzodellarabatta.com\/es\/wp-json\/wp\/v2\/media?parent=145"}],"curies":[{"name":"wp","href":"https:\/\/api.w.org\/{rel}","templated":true}]}}