{"id":3,"date":"2024-01-09T17:50:42","date_gmt":"2024-01-09T17:50:42","guid":{"rendered":"https:\/\/staging.sanlorenzodellarabatta.com\/?page_id=3"},"modified":"2024-04-29T12:49:12","modified_gmt":"2024-04-29T12:49:12","slug":"privacy-policy","status":"publish","type":"page","link":"https:\/\/sanlorenzodellarabatta.com\/es\/privacy-policy\/","title":{"rendered":"Pol\u00edtica de privacidad"},"content":{"rendered":"<div data-elementor-type=\"wp-page\" data-elementor-id=\"3\" class=\"elementor elementor-3\" data-elementor-post-type=\"page\">\n\t\t\t\t<div class=\"has_eae_slider elementor-element elementor-element-564feebc e-flex e-con-boxed e-con e-parent\" data-id=\"564feebc\" data-element_type=\"container\">\n\t\t\t\t\t<div class=\"e-con-inner\">\n\t\t\t\t<div class=\"elementor-element elementor-element-1c78193d elementor-widget elementor-widget-text-editor\" data-id=\"1c78193d\" data-element_type=\"widget\" data-widget_type=\"text-editor.default\">\n\t\t\t\t<div class=\"elementor-widget-container\">\n\t\t\t\t\t\t\t\t\t\n<h6 class=\"wp-block-heading\">\u00daltima actualizaci\u00f3n 29-abr-2024<br \/>Fecha de entrada en vigor 29-abr-2024<\/h6>\n\n\n\n<p>Esta Pol\u00edtica de Privacidad describe las pol\u00edticas de - S\u00ed. LORENZO DELLA RABATTA S.R.L., VIA ANDREA D'ISERNIA, 38, Foto de NA Item Address 80122, L'Italia, Italy, E-mail: info-sanlorenzodellarabatta.com, Tel\u00e9fono: 075690764 - sobre la recopilaci\u00f3n, uso y divulgaci\u00f3n de la informaci\u00f3n que recopilamos Cuando usted utiliza nuestro sitio web ( https:\/\/sanlorenzodellarabatta.com). (el \"Servicio\"). Al acceder o utilizar el Servicio More, usted da su consentimiento a la recopilaci\u00f3n, uso y divulgaci\u00f3n de su informaci\u00f3n de acuerdo con esta Pol\u00edtica de Privacidad. Si no da su consentimiento de forma similar, por favor no acceda o utilice el Servicio.<\/p>\n\n\n\n<p>Podemos cambiar esta Pol\u00edtica de Privacidad en cualquier momento sin previo aviso y publicaremos la Pol\u00edtica de Privacidad revisada en el Servicio. La pol\u00edtica revisada entrar\u00e1 en vigor 180 d\u00edas despu\u00e9s de que la pol\u00edtica revisada se publique en el Servicio y su acceso o uso continuado del Servicio despu\u00e9s de ese per\u00edodo constituir\u00e1 su aceptaci\u00f3n de la pol\u00edtica de privacidad revisada. Por lo tanto, le recomendamos que revise peri\u00f3dicamente esta p\u00e1gina.<\/p>\n\n\n\n<ol class=\"wp-block-list\">\n<li>Informaci\u00f3n que recogemos: Recopilaremos y trataremos la siguiente Informaci\u00f3n personal sobre usted:\n<ol class=\"wp-block-list\">\n<li>El nombre<\/li>\n\n\n\n<li>Correo electr\u00f3nico<\/li>\n<\/ol>\n<\/li>\n\n\n\n<li>C\u00f3mo utilizamos su informaci\u00f3n Utilizaremos la informaci\u00f3n que recopilemos sobre usted para los siguientes fines:\n<ol>\n<li>Marketing \/ promoci\u00f3n<\/li>\n<\/ol>\nSi deseamos utilizar su informaci\u00f3n para cualquier otra finalidad, le pediremos su consentimiento y s\u00f3lo utilizaremos su informaci\u00f3n para la finalidad o finalidades para las que nos haya dado su consentimiento, a menos que estemos obligados a hacerlo por ley.<\/li>\n\n\n\n<li>C\u00f3mo compartimos su informaci\u00f3n No transferiremos su informaci\u00f3n personal a terceros sin pedirle su consentimiento, excepto en las circunstancias limitadas que se describen a continuaci\u00f3n:\n<ol>\n<li>An\u00e1lisis<\/li>\n<\/ol>\nExigimos a dichos terceros que utilicen la Informaci\u00f3n Personal que les transferimos \u00fanicamente para el fin para el que fue transferida y que no la conserven m\u00e1s tiempo del necesario para dicho fin. Tambi\u00e9n podemos revelar su Informaci\u00f3n Personal para lo siguiente (1) para cumplir con la ley, reglamento, orden judicial u otro proceso aplicable; (2) para hacer cumplir sus acuerdos con nosotros, Esta Pol\u00edtica de Privacidad; o (3) para responder a reclamaciones de que su uso del Servicio viola los derechos de terceros. Si el Servicio o nuestra Empresa se fusionan o adquieren con otra Empresa, su informaci\u00f3n ser\u00e1 uno de los Activos transferidos al nuevo propietario.<\/li>\n\n\n\n<li>Conservaci\u00f3n de la informaci\u00f3n: Conservaremos su Informaci\u00f3n Personal con nosotros Durante sus 90 d\u00edas a 2 a\u00f1os despu\u00e9s de que los usuarios hayan cerrado sus cuentas O durante el tiempo que la necesitemos para cumplir con los fines para los que fue recopilada seg\u00fan se detalla en esta Pol\u00edtica de Privacidad. Es posible que necesitemos conservar cierta Informaci\u00f3n durante periodos m\u00e1s largos, como el Registro\/Informe de acuerdo con la Legislaci\u00f3n Aplicable o por otras razones leg\u00edtimas como el cumplimiento de derechos legales, la Prevenci\u00f3n del fraude, etc. La Informaci\u00f3n An\u00f3nima Residual y la Informaci\u00f3n Agregada, incluida la informaci\u00f3n que le identifica (directa o indirectamente), puede ser Immotti almacenada indefinidamente.<\/li>\n\n\n\n<li>Sus Derechos: Dependiendo de la legislaci\u00f3n aplicable, usted puede tener derecho a acceder y rectificar o borrar sus Datos Personales o recibir una copia de sus Datos Personales, la limitaci\u00f3n u oposici\u00f3n al Tratamiento activo de sus Datos Personales, pedirnos que compartamos (portemos) sus Datos Personales a otra entidad, retirar el consentimiento al que nos ha proporcionado el Tratamiento de sus Datos Personales, el derecho a presentar una reclamaci\u00f3n ante una autoridad legal y cualesquiera otros derechos que puedan ser pertinentes en virtud de la legislaci\u00f3n aplicable. Para ejercer estos derechos, puede escribirnos a sanlorenzorarabatta.com. Responderemos a su solicitud de conformidad con la legislaci\u00f3n aplicable. Puede rechazar las comunicaciones de marketing directo o la elaboraci\u00f3n de perfiles con fines de marketing escribi\u00e9ndonos a sanlorenzorarabatta.com. Tenga en cuenta que si no nos permite recopilar o procesar la informaci\u00f3n personal que ha solicitado o retira su consentimiento para procesarla para los fines que ha solicitado, es posible que no pueda acceder o utilizar los servicios para los que se solicit\u00f3 su informaci\u00f3n.<\/li>\n\n\n\n<li>Cookies, etc. Para obtener m\u00e1s informaci\u00f3n sobre c\u00f3mo las utilizamos Y sus opciones en relaci\u00f3n con estas tecnolog\u00edas de rastreo, consulte nuestro <a href=\"https:\/\/sanlorenzodellarabatta.com\/es\/\">Pol\u00edtica de cookies.<\/a><\/li>\n\n\n\n<li>Seguridad: La seguridad de su informaci\u00f3n es importante para Nosotros utilizamos medidas de seguridad razonables para prevenir la p\u00e9rdida, mal uso o modificaci\u00f3n no autorizada de su informaci\u00f3n bajo nuestro - Control. Sin embargo, dados los riesgos inherentes, no podemos garantizar una seguridad absoluta y, en consecuencia, no podemos garantizar la seguridad de cualquier informaci\u00f3n que nos transmita Y lo hace bajo su propio riesgo.<\/li>\n\n\n\n<li>Responsable de Protecci\u00f3n de Datos: Si tiene alguna pregunta o duda sobre el tratamiento de la informaci\u00f3n disponible con nosotros, puede enviar un correo electr\u00f3nico a nuestro responsable de quejas - S\u00ed. LORENZO DELLA RABATTA S.R.L., VIA ANDREA D'ISERNIA, 38, E-mail: info?sanlorenzodellarabatta.com. Atenderemos sus consultas de conformidad con la legislaci\u00f3n aplicable.<\/li>\n<\/ol>\n\n\n\n<p>Pol\u00edtica de privacidad generada con <a href=\"https:\/\/www.cookieyes.com\/?utm_source=PP&amp;utm_medium=footer&amp;utm_campaign=UW\" target=\"_blank\" rel=\"noreferrer noopener\">CookieS\u00ed<\/a>.<\/p>\n\t\t\t\t\t\t\t\t<\/div>\n\t\t\t\t<\/div>\n\t\t\t\t\t<\/div>\n\t\t\t\t<\/div>\n\t\t\t\t<\/div>","protected":false},"excerpt":{"rendered":"<p>\u00daltima actualizaci\u00f3n 29-abr-2024Fecha de entrada en vigor 29-abr-2024Esta Pol\u00edtica de Privacidad describe las pol\u00edticas de - S\u00ed. LORENZO DELLA RABATTA S.R.L., VIA ANDREA D'ISERNIA, 38, Foto de NA Item Address 80122, L'Italia, Italy, E-mail: info-sanlorenzodellarabatta.com, Tel\u00e9fono: 075690764 - sobre la recogida, Uso y divulgaci\u00f3n de la informaci\u00f3n que recopilamos Cuando utiliza nuestro sitio web [...]<\/p>","protected":false},"author":1,"featured_media":0,"parent":0,"menu_order":0,"comment_status":"closed","ping_status":"closed","template":"","meta":{"_acf_changed":false,"footnotes":""},"class_list":["post-3","page","type-page","status-publish","hentry"],"acf":[],"yoast_head":"<!-- This site is optimized with the Yoast SEO plugin v24.5 - https:\/\/yoast.com\/wordpress\/plugins\/seo\/ -->\n<title>Privacy Policy - San Lorenzo della Rabatta<\/title>\n<meta name=\"robots\" content=\"index, follow, max-snippet:-1, max-image-preview:large, max-video-preview:-1\" \/>\n<link rel=\"canonical\" href=\"https:\/\/sanlorenzodellarabatta.com\/es\/privacy-policy\/\" \/>\n<meta property=\"og:locale\" content=\"es_ES\" \/>\n<meta property=\"og:type\" content=\"article\" \/>\n<meta property=\"og:title\" content=\"Privacy Policy - San Lorenzo della Rabatta\" \/>\n<meta property=\"og:description\" content=\"Ultimo aggiornamento su 29-Apr-2024Data di efficacia 29-Apr-2024 La presente Informativa sulla privacy descrive le politiche di &#8211; Si&#8217;. LORENZO DELLA RABATTA S.R.L., VIA ANDREA D&#8217;ISERNIA, 38, Foto di NA Indirizzo dell&#8217;articolo 80122, L&#8217;Italia, Italia, E-mail: info-sanlorenzodellarabatta.com, Telefono: 075690764 &#8211; sulla collezione, Uso e divulgazione delle informazioni che raccogliamo Quando si utilizza il nostro sito web [&hellip;]\" \/>\n<meta property=\"og:url\" content=\"https:\/\/sanlorenzodellarabatta.com\/es\/privacy-policy\/\" \/>\n<meta property=\"og:site_name\" content=\"San Lorenzo della Rabatta\" \/>\n<meta property=\"article:modified_time\" content=\"2024-04-29T12:49:12+00:00\" \/>\n<meta name=\"twitter:card\" content=\"summary_large_image\" \/>\n<meta name=\"twitter:label1\" content=\"Tiempo de lectura\" \/>\n\t<meta name=\"twitter:data1\" content=\"5 minutos\" \/>\n<script type=\"application\/ld+json\" class=\"yoast-schema-graph\">{\"@context\":\"https:\/\/schema.org\",\"@graph\":[{\"@type\":\"WebPage\",\"@id\":\"https:\/\/sanlorenzodellarabatta.com\/privacy-policy\/\",\"url\":\"https:\/\/sanlorenzodellarabatta.com\/privacy-policy\/\",\"name\":\"Privacy Policy - San Lorenzo della Rabatta\",\"isPartOf\":{\"@id\":\"https:\/\/sanlorenzodellarabatta.com\/#website\"},\"datePublished\":\"2024-01-09T17:50:42+00:00\",\"dateModified\":\"2024-04-29T12:49:12+00:00\",\"breadcrumb\":{\"@id\":\"https:\/\/sanlorenzodellarabatta.com\/privacy-policy\/#breadcrumb\"},\"inLanguage\":\"es\",\"potentialAction\":[{\"@type\":\"ReadAction\",\"target\":[\"https:\/\/sanlorenzodellarabatta.com\/privacy-policy\/\"]}]},{\"@type\":\"BreadcrumbList\",\"@id\":\"https:\/\/sanlorenzodellarabatta.com\/privacy-policy\/#breadcrumb\",\"itemListElement\":[{\"@type\":\"ListItem\",\"position\":1,\"name\":\"Home\",\"item\":\"https:\/\/sanlorenzodellarabatta.com\/\"},{\"@type\":\"ListItem\",\"position\":2,\"name\":\"Privacy Policy\"}]},{\"@type\":\"WebSite\",\"@id\":\"https:\/\/sanlorenzodellarabatta.com\/#website\",\"url\":\"https:\/\/sanlorenzodellarabatta.com\/\",\"name\":\"San Lorenzo della Rabatta\",\"description\":\"borgo medievale\",\"publisher\":{\"@id\":\"https:\/\/sanlorenzodellarabatta.com\/#organization\"},\"potentialAction\":[{\"@type\":\"SearchAction\",\"target\":{\"@type\":\"EntryPoint\",\"urlTemplate\":\"https:\/\/sanlorenzodellarabatta.com\/?s={search_term_string}\"},\"query-input\":{\"@type\":\"PropertyValueSpecification\",\"valueRequired\":true,\"valueName\":\"search_term_string\"}}],\"inLanguage\":\"es\"},{\"@type\":\"Organization\",\"@id\":\"https:\/\/sanlorenzodellarabatta.com\/#organization\",\"name\":\"San Lorenzo della Rabatta\",\"url\":\"https:\/\/sanlorenzodellarabatta.com\/\",\"logo\":{\"@type\":\"ImageObject\",\"inLanguage\":\"es\",\"@id\":\"https:\/\/sanlorenzodellarabatta.com\/#\/schema\/logo\/image\/\",\"url\":\"https:\/\/sanlorenzodellarabatta.com\/wp-content\/uploads\/2024\/01\/logo-white-1.png\",\"contentUrl\":\"https:\/\/sanlorenzodellarabatta.com\/wp-content\/uploads\/2024\/01\/logo-white-1.png\",\"width\":881,\"height\":202,\"caption\":\"San Lorenzo della Rabatta\"},\"image\":{\"@id\":\"https:\/\/sanlorenzodellarabatta.com\/#\/schema\/logo\/image\/\"}}]}<\/script>\n<!-- \/ Yoast SEO plugin. -->","yoast_head_json":{"title":"Privacy Policy - San Lorenzo della Rabatta","robots":{"index":"index","follow":"follow","max-snippet":"max-snippet:-1","max-image-preview":"max-image-preview:large","max-video-preview":"max-video-preview:-1"},"canonical":"https:\/\/sanlorenzodellarabatta.com\/es\/privacy-policy\/","og_locale":"es_ES","og_type":"article","og_title":"Privacy Policy - San Lorenzo della Rabatta","og_description":"Ultimo aggiornamento su 29-Apr-2024Data di efficacia 29-Apr-2024 La presente Informativa sulla privacy descrive le politiche di &#8211; Si&#8217;. LORENZO DELLA RABATTA S.R.L., VIA ANDREA D&#8217;ISERNIA, 38, Foto di NA Indirizzo dell&#8217;articolo 80122, L&#8217;Italia, Italia, E-mail: info-sanlorenzodellarabatta.com, Telefono: 075690764 &#8211; sulla collezione, Uso e divulgazione delle informazioni che raccogliamo Quando si utilizza il nostro sito web [&hellip;]","og_url":"https:\/\/sanlorenzodellarabatta.com\/es\/privacy-policy\/","og_site_name":"San Lorenzo della Rabatta","article_modified_time":"2024-04-29T12:49:12+00:00","twitter_card":"summary_large_image","twitter_misc":{"Tiempo de lectura":"5 minutos"},"schema":{"@context":"https:\/\/schema.org","@graph":[{"@type":"WebPage","@id":"https:\/\/sanlorenzodellarabatta.com\/privacy-policy\/","url":"https:\/\/sanlorenzodellarabatta.com\/privacy-policy\/","name":"Privacy Policy - San Lorenzo della Rabatta","isPartOf":{"@id":"https:\/\/sanlorenzodellarabatta.com\/#website"},"datePublished":"2024-01-09T17:50:42+00:00","dateModified":"2024-04-29T12:49:12+00:00","breadcrumb":{"@id":"https:\/\/sanlorenzodellarabatta.com\/privacy-policy\/#breadcrumb"},"inLanguage":"es","potentialAction":[{"@type":"ReadAction","target":["https:\/\/sanlorenzodellarabatta.com\/privacy-policy\/"]}]},{"@type":"BreadcrumbList","@id":"https:\/\/sanlorenzodellarabatta.com\/privacy-policy\/#breadcrumb","itemListElement":[{"@type":"ListItem","position":1,"name":"Home","item":"https:\/\/sanlorenzodellarabatta.com\/"},{"@type":"ListItem","position":2,"name":"Privacy Policy"}]},{"@type":"WebSite","@id":"https:\/\/sanlorenzodellarabatta.com\/#website","url":"https:\/\/sanlorenzodellarabatta.com\/","name":"San Lorenzo della Rabatta","description":"borgo medievale","publisher":{"@id":"https:\/\/sanlorenzodellarabatta.com\/#organization"},"potentialAction":[{"@type":"SearchAction","target":{"@type":"EntryPoint","urlTemplate":"https:\/\/sanlorenzodellarabatta.com\/?s={search_term_string}"},"query-input":{"@type":"PropertyValueSpecification","valueRequired":true,"valueName":"search_term_string"}}],"inLanguage":"es"},{"@type":"Organization","@id":"https:\/\/sanlorenzodellarabatta.com\/#organization","name":"San Lorenzo della Rabatta","url":"https:\/\/sanlorenzodellarabatta.com\/","logo":{"@type":"ImageObject","inLanguage":"es","@id":"https:\/\/sanlorenzodellarabatta.com\/#\/schema\/logo\/image\/","url":"https:\/\/sanlorenzodellarabatta.com\/wp-content\/uploads\/2024\/01\/logo-white-1.png","contentUrl":"https:\/\/sanlorenzodellarabatta.com\/wp-content\/uploads\/2024\/01\/logo-white-1.png","width":881,"height":202,"caption":"San Lorenzo della Rabatta"},"image":{"@id":"https:\/\/sanlorenzodellarabatta.com\/#\/schema\/logo\/image\/"}}]}},"_links":{"self":[{"href":"https:\/\/sanlorenzodellarabatta.com\/es\/wp-json\/wp\/v2\/pages\/3","targetHints":{"allow":["GET"]}}],"collection":[{"href":"https:\/\/sanlorenzodellarabatta.com\/es\/wp-json\/wp\/v2\/pages"}],"about":[{"href":"https:\/\/sanlorenzodellarabatta.com\/es\/wp-json\/wp\/v2\/types\/page"}],"author":[{"embeddable":true,"href":"https:\/\/sanlorenzodellarabatta.com\/es\/wp-json\/wp\/v2\/users\/1"}],"replies":[{"embeddable":true,"href":"https:\/\/sanlorenzodellarabatta.com\/es\/wp-json\/wp\/v2\/comments?post=3"}],"version-history":[{"count":10,"href":"https:\/\/sanlorenzodellarabatta.com\/es\/wp-json\/wp\/v2\/pages\/3\/revisions"}],"predecessor-version":[{"id":1617,"href":"https:\/\/sanlorenzodellarabatta.com\/es\/wp-json\/wp\/v2\/pages\/3\/revisions\/1617"}],"wp:attachment":[{"href":"https:\/\/sanlorenzodellarabatta.com\/es\/wp-json\/wp\/v2\/media?parent=3"}],"curies":[{"name":"wp","href":"https:\/\/api.w.org\/{rel}","templated":true}]}}