{"id":524,"date":"2024-02-07T10:35:23","date_gmt":"2024-02-07T10:35:23","guid":{"rendered":"https:\/\/staging.sanlorenzodellarabatta.com\/?page_id=524"},"modified":"2024-04-09T08:14:04","modified_gmt":"2024-04-09T08:14:04","slug":"organizza-il-tuo-seminario","status":"publish","type":"page","link":"https:\/\/sanlorenzodellarabatta.com\/es\/organizza-il-tuo-seminario\/","title":{"rendered":"Organice su seminario"},"content":{"rendered":"<p>Yoga, pilates, feldenkrais, tai chi, coaching, ayurveda, terapia floral, psicolog\u00eda aplicada, eneagrama, mindfulness, meditaci\u00f3n... Pintura, canto, m\u00fasica, teatro, danza... Sea cual sea tu disciplina, ser\u00e1s bienvenido.<br>Tendr\u00e1 todo el apoyo necesario para organizar su curso o seminario de la mejor manera posible.Cocina vegetariana, vegana, t\u00edpica de la regi\u00f3n, con productos de km 0 y ecol\u00f3gicos.La energ\u00eda especial de San Lorenzo della Rabatta es una experiencia viva.<\/p>","protected":false},"excerpt":{"rendered":"<p>\"Hay lugares donde el mundo te parece distinto, paisajes que evocan sensaciones, presagios, un recuerdo profundo, un espacio sagrado que mirar con ojos nuevos que s\u00f3lo al alma le es dado investigar\".<\/p>","protected":false},"author":1,"featured_media":581,"parent":0,"menu_order":50,"comment_status":"closed","ping_status":"closed","template":"","meta":{"_acf_changed":false,"footnotes":""},"class_list":["post-524","page","type-page","status-publish","has-post-thumbnail","hentry"],"acf":[],"yoast_head":"<!-- This site is optimized with the Yoast SEO plugin v24.5 - https:\/\/yoast.com\/wordpress\/plugins\/seo\/ -->\n<title>Organizza il tuo seminario - San Lorenzo della Rabatta<\/title>\n<meta name=\"robots\" content=\"index, follow, max-snippet:-1, max-image-preview:large, max-video-preview:-1\" \/>\n<link rel=\"canonical\" href=\"https:\/\/sanlorenzodellarabatta.com\/es\/organizza-il-tuo-seminario\/\" \/>\n<meta property=\"og:locale\" content=\"es_ES\" \/>\n<meta property=\"og:type\" content=\"article\" \/>\n<meta property=\"og:title\" content=\"Organizza il tuo seminario - San Lorenzo della Rabatta\" \/>\n<meta property=\"og:description\" content=\"&quot;Ci sono luoghi in cui il mondo ti appare diverso, paesaggi che             richiamano sensazioni, presagi, una memoria profonda, uno spazio sacro da guardare con occhi nuovi a cui solo all\u2019anima \u00e8 dato indagare&quot;\" \/>\n<meta property=\"og:url\" content=\"https:\/\/sanlorenzodellarabatta.com\/es\/organizza-il-tuo-seminario\/\" \/>\n<meta property=\"og:site_name\" content=\"San Lorenzo della Rabatta\" \/>\n<meta property=\"article:modified_time\" content=\"2024-04-09T08:14:04+00:00\" \/>\n<meta property=\"og:image\" content=\"https:\/\/sanlorenzodellarabatta.com\/wp-content\/uploads\/2024\/02\/1.jpg\" \/>\n\t<meta property=\"og:image:width\" content=\"960\" \/>\n\t<meta property=\"og:image:height\" content=\"640\" \/>\n\t<meta property=\"og:image:type\" content=\"image\/jpeg\" \/>\n<meta name=\"twitter:card\" content=\"summary_large_image\" \/>\n<meta name=\"twitter:label1\" content=\"Tiempo de lectura\" \/>\n\t<meta name=\"twitter:data1\" content=\"1 minuto\" \/>\n<script type=\"application\/ld+json\" class=\"yoast-schema-graph\">{\"@context\":\"https:\/\/schema.org\",\"@graph\":[{\"@type\":\"WebPage\",\"@id\":\"https:\/\/sanlorenzodellarabatta.com\/organizza-il-tuo-seminario\/\",\"url\":\"https:\/\/sanlorenzodellarabatta.com\/organizza-il-tuo-seminario\/\",\"name\":\"Organizza il tuo seminario - San Lorenzo della Rabatta\",\"isPartOf\":{\"@id\":\"https:\/\/sanlorenzodellarabatta.com\/#website\"},\"primaryImageOfPage\":{\"@id\":\"https:\/\/sanlorenzodellarabatta.com\/organizza-il-tuo-seminario\/#primaryimage\"},\"image\":{\"@id\":\"https:\/\/sanlorenzodellarabatta.com\/organizza-il-tuo-seminario\/#primaryimage\"},\"thumbnailUrl\":\"https:\/\/sanlorenzodellarabatta.com\/wp-content\/uploads\/2024\/02\/1.jpg\",\"datePublished\":\"2024-02-07T10:35:23+00:00\",\"dateModified\":\"2024-04-09T08:14:04+00:00\",\"breadcrumb\":{\"@id\":\"https:\/\/sanlorenzodellarabatta.com\/organizza-il-tuo-seminario\/#breadcrumb\"},\"inLanguage\":\"es\",\"potentialAction\":[{\"@type\":\"ReadAction\",\"target\":[\"https:\/\/sanlorenzodellarabatta.com\/organizza-il-tuo-seminario\/\"]}]},{\"@type\":\"ImageObject\",\"inLanguage\":\"es\",\"@id\":\"https:\/\/sanlorenzodellarabatta.com\/organizza-il-tuo-seminario\/#primaryimage\",\"url\":\"https:\/\/sanlorenzodellarabatta.com\/wp-content\/uploads\/2024\/02\/1.jpg\",\"contentUrl\":\"https:\/\/sanlorenzodellarabatta.com\/wp-content\/uploads\/2024\/02\/1.jpg\",\"width\":960,\"height\":640},{\"@type\":\"BreadcrumbList\",\"@id\":\"https:\/\/sanlorenzodellarabatta.com\/organizza-il-tuo-seminario\/#breadcrumb\",\"itemListElement\":[{\"@type\":\"ListItem\",\"position\":1,\"name\":\"Home\",\"item\":\"https:\/\/sanlorenzodellarabatta.com\/\"},{\"@type\":\"ListItem\",\"position\":2,\"name\":\"Organizza il tuo seminario\"}]},{\"@type\":\"WebSite\",\"@id\":\"https:\/\/sanlorenzodellarabatta.com\/#website\",\"url\":\"https:\/\/sanlorenzodellarabatta.com\/\",\"name\":\"San Lorenzo della Rabatta\",\"description\":\"borgo medievale\",\"publisher\":{\"@id\":\"https:\/\/sanlorenzodellarabatta.com\/#organization\"},\"potentialAction\":[{\"@type\":\"SearchAction\",\"target\":{\"@type\":\"EntryPoint\",\"urlTemplate\":\"https:\/\/sanlorenzodellarabatta.com\/?s={search_term_string}\"},\"query-input\":{\"@type\":\"PropertyValueSpecification\",\"valueRequired\":true,\"valueName\":\"search_term_string\"}}],\"inLanguage\":\"es\"},{\"@type\":\"Organization\",\"@id\":\"https:\/\/sanlorenzodellarabatta.com\/#organization\",\"name\":\"San Lorenzo della Rabatta\",\"url\":\"https:\/\/sanlorenzodellarabatta.com\/\",\"logo\":{\"@type\":\"ImageObject\",\"inLanguage\":\"es\",\"@id\":\"https:\/\/sanlorenzodellarabatta.com\/#\/schema\/logo\/image\/\",\"url\":\"https:\/\/sanlorenzodellarabatta.com\/wp-content\/uploads\/2024\/01\/logo-white-1.png\",\"contentUrl\":\"https:\/\/sanlorenzodellarabatta.com\/wp-content\/uploads\/2024\/01\/logo-white-1.png\",\"width\":881,\"height\":202,\"caption\":\"San Lorenzo della Rabatta\"},\"image\":{\"@id\":\"https:\/\/sanlorenzodellarabatta.com\/#\/schema\/logo\/image\/\"}}]}<\/script>\n<!-- \/ Yoast SEO plugin. -->","yoast_head_json":{"title":"Organizza il tuo seminario - San Lorenzo della Rabatta","robots":{"index":"index","follow":"follow","max-snippet":"max-snippet:-1","max-image-preview":"max-image-preview:large","max-video-preview":"max-video-preview:-1"},"canonical":"https:\/\/sanlorenzodellarabatta.com\/es\/organizza-il-tuo-seminario\/","og_locale":"es_ES","og_type":"article","og_title":"Organizza il tuo seminario - San Lorenzo della Rabatta","og_description":"\"Ci sono luoghi in cui il mondo ti appare diverso, paesaggi che             richiamano sensazioni, presagi, una memoria profonda, uno spazio sacro da guardare con occhi nuovi a cui solo all\u2019anima \u00e8 dato indagare\"","og_url":"https:\/\/sanlorenzodellarabatta.com\/es\/organizza-il-tuo-seminario\/","og_site_name":"San Lorenzo della Rabatta","article_modified_time":"2024-04-09T08:14:04+00:00","og_image":[{"width":960,"height":640,"url":"https:\/\/sanlorenzodellarabatta.com\/wp-content\/uploads\/2024\/02\/1.jpg","type":"image\/jpeg"}],"twitter_card":"summary_large_image","twitter_misc":{"Tiempo de lectura":"1 minuto"},"schema":{"@context":"https:\/\/schema.org","@graph":[{"@type":"WebPage","@id":"https:\/\/sanlorenzodellarabatta.com\/organizza-il-tuo-seminario\/","url":"https:\/\/sanlorenzodellarabatta.com\/organizza-il-tuo-seminario\/","name":"Organizza il tuo seminario - San Lorenzo della Rabatta","isPartOf":{"@id":"https:\/\/sanlorenzodellarabatta.com\/#website"},"primaryImageOfPage":{"@id":"https:\/\/sanlorenzodellarabatta.com\/organizza-il-tuo-seminario\/#primaryimage"},"image":{"@id":"https:\/\/sanlorenzodellarabatta.com\/organizza-il-tuo-seminario\/#primaryimage"},"thumbnailUrl":"https:\/\/sanlorenzodellarabatta.com\/wp-content\/uploads\/2024\/02\/1.jpg","datePublished":"2024-02-07T10:35:23+00:00","dateModified":"2024-04-09T08:14:04+00:00","breadcrumb":{"@id":"https:\/\/sanlorenzodellarabatta.com\/organizza-il-tuo-seminario\/#breadcrumb"},"inLanguage":"es","potentialAction":[{"@type":"ReadAction","target":["https:\/\/sanlorenzodellarabatta.com\/organizza-il-tuo-seminario\/"]}]},{"@type":"ImageObject","inLanguage":"es","@id":"https:\/\/sanlorenzodellarabatta.com\/organizza-il-tuo-seminario\/#primaryimage","url":"https:\/\/sanlorenzodellarabatta.com\/wp-content\/uploads\/2024\/02\/1.jpg","contentUrl":"https:\/\/sanlorenzodellarabatta.com\/wp-content\/uploads\/2024\/02\/1.jpg","width":960,"height":640},{"@type":"BreadcrumbList","@id":"https:\/\/sanlorenzodellarabatta.com\/organizza-il-tuo-seminario\/#breadcrumb","itemListElement":[{"@type":"ListItem","position":1,"name":"Home","item":"https:\/\/sanlorenzodellarabatta.com\/"},{"@type":"ListItem","position":2,"name":"Organizza il tuo seminario"}]},{"@type":"WebSite","@id":"https:\/\/sanlorenzodellarabatta.com\/#website","url":"https:\/\/sanlorenzodellarabatta.com\/","name":"San Lorenzo della Rabatta","description":"borgo medievale","publisher":{"@id":"https:\/\/sanlorenzodellarabatta.com\/#organization"},"potentialAction":[{"@type":"SearchAction","target":{"@type":"EntryPoint","urlTemplate":"https:\/\/sanlorenzodellarabatta.com\/?s={search_term_string}"},"query-input":{"@type":"PropertyValueSpecification","valueRequired":true,"valueName":"search_term_string"}}],"inLanguage":"es"},{"@type":"Organization","@id":"https:\/\/sanlorenzodellarabatta.com\/#organization","name":"San Lorenzo della Rabatta","url":"https:\/\/sanlorenzodellarabatta.com\/","logo":{"@type":"ImageObject","inLanguage":"es","@id":"https:\/\/sanlorenzodellarabatta.com\/#\/schema\/logo\/image\/","url":"https:\/\/sanlorenzodellarabatta.com\/wp-content\/uploads\/2024\/01\/logo-white-1.png","contentUrl":"https:\/\/sanlorenzodellarabatta.com\/wp-content\/uploads\/2024\/01\/logo-white-1.png","width":881,"height":202,"caption":"San Lorenzo della Rabatta"},"image":{"@id":"https:\/\/sanlorenzodellarabatta.com\/#\/schema\/logo\/image\/"}}]}},"_links":{"self":[{"href":"https:\/\/sanlorenzodellarabatta.com\/es\/wp-json\/wp\/v2\/pages\/524","targetHints":{"allow":["GET"]}}],"collection":[{"href":"https:\/\/sanlorenzodellarabatta.com\/es\/wp-json\/wp\/v2\/pages"}],"about":[{"href":"https:\/\/sanlorenzodellarabatta.com\/es\/wp-json\/wp\/v2\/types\/page"}],"author":[{"embeddable":true,"href":"https:\/\/sanlorenzodellarabatta.com\/es\/wp-json\/wp\/v2\/users\/1"}],"replies":[{"embeddable":true,"href":"https:\/\/sanlorenzodellarabatta.com\/es\/wp-json\/wp\/v2\/comments?post=524"}],"version-history":[{"count":4,"href":"https:\/\/sanlorenzodellarabatta.com\/es\/wp-json\/wp\/v2\/pages\/524\/revisions"}],"predecessor-version":[{"id":1251,"href":"https:\/\/sanlorenzodellarabatta.com\/es\/wp-json\/wp\/v2\/pages\/524\/revisions\/1251"}],"wp:featuredmedia":[{"embeddable":true,"href":"https:\/\/sanlorenzodellarabatta.com\/es\/wp-json\/wp\/v2\/media\/581"}],"wp:attachment":[{"href":"https:\/\/sanlorenzodellarabatta.com\/es\/wp-json\/wp\/v2\/media?parent=524"}],"curies":[{"name":"wp","href":"https:\/\/api.w.org\/{rel}","templated":true}]}}