{"id":139,"date":"2024-01-24T15:54:51","date_gmt":"2024-01-24T15:54:51","guid":{"rendered":"https:\/\/staging.sanlorenzodellarabatta.com\/?page_id=139"},"modified":"2024-04-09T08:13:28","modified_gmt":"2024-04-09T08:13:28","slug":"ospitalita","status":"publish","type":"page","link":"https:\/\/sanlorenzodellarabatta.com\/fr\/ospitalita\/","title":{"rendered":"L'hospitalit\u00e9"},"content":{"rendered":"<p>Les chambres s'ouvrent sur la cour fleurie, toutes diff\u00e9rentes les unes des autres, toutes avec une attention particuli\u00e8re aux d\u00e9tails, meubl\u00e9es avec des couleurs chaudes et des mat\u00e9riaux d'\u00e9poque, avec des meubles anciens et rustiques.<br>Les maisons de village, comme dans un village, sont de diff\u00e9rentes tailles, de 60 \u00e0 160 m\u00e8tres carr\u00e9s, et peuvent accueillir de 2 \u00e0 10 personnes ; elles sont spacieuses et accueillantes, caract\u00e9ris\u00e9es par la structure d'origine, les plafonds vo\u00fbt\u00e9s, les chemin\u00e9es en pierre et les sols en terre cuite ; l'ameublement est typique de la tradition paysanne ombrienne et les fen\u00eatres encadrent les vues splendides !<\/p>","protected":false},"excerpt":{"rendered":"<p>\"Nous aimons \u00e0 penser que la gentillesse et l'hospitalit\u00e9 lib\u00e8rent une magie invisible\". <\/p>","protected":false},"author":1,"featured_media":521,"parent":0,"menu_order":10,"comment_status":"closed","ping_status":"closed","template":"","meta":{"_acf_changed":false,"footnotes":""},"class_list":["post-139","page","type-page","status-publish","has-post-thumbnail","hentry"],"acf":[],"yoast_head":"<!-- This site is optimized with the Yoast SEO plugin v24.5 - https:\/\/yoast.com\/wordpress\/plugins\/seo\/ -->\n<title>Ospitalit\u00e0 - San Lorenzo della Rabatta<\/title>\n<meta name=\"robots\" content=\"index, follow, max-snippet:-1, max-image-preview:large, max-video-preview:-1\" \/>\n<link rel=\"canonical\" href=\"https:\/\/sanlorenzodellarabatta.com\/fr\/ospitalita\/\" \/>\n<meta property=\"og:locale\" content=\"fr_FR\" \/>\n<meta property=\"og:type\" content=\"article\" \/>\n<meta property=\"og:title\" content=\"Ospitalit\u00e0 - San Lorenzo della Rabatta\" \/>\n<meta property=\"og:description\" content=\"&quot;Ci piace pensare che essere gentili e ospitali sprigioni una magia invisibile&quot;\" \/>\n<meta property=\"og:url\" content=\"https:\/\/sanlorenzodellarabatta.com\/fr\/ospitalita\/\" \/>\n<meta property=\"og:site_name\" content=\"San Lorenzo della Rabatta\" \/>\n<meta property=\"article:modified_time\" content=\"2024-04-09T08:13:28+00:00\" \/>\n<meta property=\"og:image\" content=\"https:\/\/sanlorenzodellarabatta.com\/wp-content\/uploads\/2024\/02\/casa2-0.jpg\" \/>\n\t<meta property=\"og:image:width\" content=\"1050\" \/>\n\t<meta property=\"og:image:height\" content=\"560\" \/>\n\t<meta property=\"og:image:type\" content=\"image\/jpeg\" \/>\n<meta name=\"twitter:card\" content=\"summary_large_image\" \/>\n<meta name=\"twitter:label1\" content=\"Dur\u00e9e de lecture estim\u00e9e\" \/>\n\t<meta name=\"twitter:data1\" content=\"1 minute\" \/>\n<script type=\"application\/ld+json\" class=\"yoast-schema-graph\">{\"@context\":\"https:\/\/schema.org\",\"@graph\":[{\"@type\":\"WebPage\",\"@id\":\"https:\/\/sanlorenzodellarabatta.com\/ospitalita\/\",\"url\":\"https:\/\/sanlorenzodellarabatta.com\/ospitalita\/\",\"name\":\"Ospitalit\u00e0 - San Lorenzo della Rabatta\",\"isPartOf\":{\"@id\":\"https:\/\/sanlorenzodellarabatta.com\/#website\"},\"primaryImageOfPage\":{\"@id\":\"https:\/\/sanlorenzodellarabatta.com\/ospitalita\/#primaryimage\"},\"image\":{\"@id\":\"https:\/\/sanlorenzodellarabatta.com\/ospitalita\/#primaryimage\"},\"thumbnailUrl\":\"https:\/\/sanlorenzodellarabatta.com\/wp-content\/uploads\/2024\/02\/casa2-0.jpg\",\"datePublished\":\"2024-01-24T15:54:51+00:00\",\"dateModified\":\"2024-04-09T08:13:28+00:00\",\"breadcrumb\":{\"@id\":\"https:\/\/sanlorenzodellarabatta.com\/ospitalita\/#breadcrumb\"},\"inLanguage\":\"fr-FR\",\"potentialAction\":[{\"@type\":\"ReadAction\",\"target\":[\"https:\/\/sanlorenzodellarabatta.com\/ospitalita\/\"]}]},{\"@type\":\"ImageObject\",\"inLanguage\":\"fr-FR\",\"@id\":\"https:\/\/sanlorenzodellarabatta.com\/ospitalita\/#primaryimage\",\"url\":\"https:\/\/sanlorenzodellarabatta.com\/wp-content\/uploads\/2024\/02\/casa2-0.jpg\",\"contentUrl\":\"https:\/\/sanlorenzodellarabatta.com\/wp-content\/uploads\/2024\/02\/casa2-0.jpg\",\"width\":1050,\"height\":560},{\"@type\":\"BreadcrumbList\",\"@id\":\"https:\/\/sanlorenzodellarabatta.com\/ospitalita\/#breadcrumb\",\"itemListElement\":[{\"@type\":\"ListItem\",\"position\":1,\"name\":\"Home\",\"item\":\"https:\/\/sanlorenzodellarabatta.com\/\"},{\"@type\":\"ListItem\",\"position\":2,\"name\":\"Ospitalit\u00e0\"}]},{\"@type\":\"WebSite\",\"@id\":\"https:\/\/sanlorenzodellarabatta.com\/#website\",\"url\":\"https:\/\/sanlorenzodellarabatta.com\/\",\"name\":\"San Lorenzo della Rabatta\",\"description\":\"borgo medievale\",\"publisher\":{\"@id\":\"https:\/\/sanlorenzodellarabatta.com\/#organization\"},\"potentialAction\":[{\"@type\":\"SearchAction\",\"target\":{\"@type\":\"EntryPoint\",\"urlTemplate\":\"https:\/\/sanlorenzodellarabatta.com\/?s={search_term_string}\"},\"query-input\":{\"@type\":\"PropertyValueSpecification\",\"valueRequired\":true,\"valueName\":\"search_term_string\"}}],\"inLanguage\":\"fr-FR\"},{\"@type\":\"Organization\",\"@id\":\"https:\/\/sanlorenzodellarabatta.com\/#organization\",\"name\":\"San Lorenzo della Rabatta\",\"url\":\"https:\/\/sanlorenzodellarabatta.com\/\",\"logo\":{\"@type\":\"ImageObject\",\"inLanguage\":\"fr-FR\",\"@id\":\"https:\/\/sanlorenzodellarabatta.com\/#\/schema\/logo\/image\/\",\"url\":\"https:\/\/sanlorenzodellarabatta.com\/wp-content\/uploads\/2024\/01\/logo-white-1.png\",\"contentUrl\":\"https:\/\/sanlorenzodellarabatta.com\/wp-content\/uploads\/2024\/01\/logo-white-1.png\",\"width\":881,\"height\":202,\"caption\":\"San Lorenzo della Rabatta\"},\"image\":{\"@id\":\"https:\/\/sanlorenzodellarabatta.com\/#\/schema\/logo\/image\/\"}}]}<\/script>\n<!-- \/ Yoast SEO plugin. -->","yoast_head_json":{"title":"Ospitalit\u00e0 - San Lorenzo della Rabatta","robots":{"index":"index","follow":"follow","max-snippet":"max-snippet:-1","max-image-preview":"max-image-preview:large","max-video-preview":"max-video-preview:-1"},"canonical":"https:\/\/sanlorenzodellarabatta.com\/fr\/ospitalita\/","og_locale":"fr_FR","og_type":"article","og_title":"Ospitalit\u00e0 - San Lorenzo della Rabatta","og_description":"\"Ci piace pensare che essere gentili e ospitali sprigioni una magia invisibile\"","og_url":"https:\/\/sanlorenzodellarabatta.com\/fr\/ospitalita\/","og_site_name":"San Lorenzo della Rabatta","article_modified_time":"2024-04-09T08:13:28+00:00","og_image":[{"width":1050,"height":560,"url":"https:\/\/sanlorenzodellarabatta.com\/wp-content\/uploads\/2024\/02\/casa2-0.jpg","type":"image\/jpeg"}],"twitter_card":"summary_large_image","twitter_misc":{"Dur\u00e9e de lecture estim\u00e9e":"1 minute"},"schema":{"@context":"https:\/\/schema.org","@graph":[{"@type":"WebPage","@id":"https:\/\/sanlorenzodellarabatta.com\/ospitalita\/","url":"https:\/\/sanlorenzodellarabatta.com\/ospitalita\/","name":"Ospitalit\u00e0 - San Lorenzo della Rabatta","isPartOf":{"@id":"https:\/\/sanlorenzodellarabatta.com\/#website"},"primaryImageOfPage":{"@id":"https:\/\/sanlorenzodellarabatta.com\/ospitalita\/#primaryimage"},"image":{"@id":"https:\/\/sanlorenzodellarabatta.com\/ospitalita\/#primaryimage"},"thumbnailUrl":"https:\/\/sanlorenzodellarabatta.com\/wp-content\/uploads\/2024\/02\/casa2-0.jpg","datePublished":"2024-01-24T15:54:51+00:00","dateModified":"2024-04-09T08:13:28+00:00","breadcrumb":{"@id":"https:\/\/sanlorenzodellarabatta.com\/ospitalita\/#breadcrumb"},"inLanguage":"fr-FR","potentialAction":[{"@type":"ReadAction","target":["https:\/\/sanlorenzodellarabatta.com\/ospitalita\/"]}]},{"@type":"ImageObject","inLanguage":"fr-FR","@id":"https:\/\/sanlorenzodellarabatta.com\/ospitalita\/#primaryimage","url":"https:\/\/sanlorenzodellarabatta.com\/wp-content\/uploads\/2024\/02\/casa2-0.jpg","contentUrl":"https:\/\/sanlorenzodellarabatta.com\/wp-content\/uploads\/2024\/02\/casa2-0.jpg","width":1050,"height":560},{"@type":"BreadcrumbList","@id":"https:\/\/sanlorenzodellarabatta.com\/ospitalita\/#breadcrumb","itemListElement":[{"@type":"ListItem","position":1,"name":"Home","item":"https:\/\/sanlorenzodellarabatta.com\/"},{"@type":"ListItem","position":2,"name":"Ospitalit\u00e0"}]},{"@type":"WebSite","@id":"https:\/\/sanlorenzodellarabatta.com\/#website","url":"https:\/\/sanlorenzodellarabatta.com\/","name":"San Lorenzo della Rabatta","description":"borgo medievale","publisher":{"@id":"https:\/\/sanlorenzodellarabatta.com\/#organization"},"potentialAction":[{"@type":"SearchAction","target":{"@type":"EntryPoint","urlTemplate":"https:\/\/sanlorenzodellarabatta.com\/?s={search_term_string}"},"query-input":{"@type":"PropertyValueSpecification","valueRequired":true,"valueName":"search_term_string"}}],"inLanguage":"fr-FR"},{"@type":"Organization","@id":"https:\/\/sanlorenzodellarabatta.com\/#organization","name":"San Lorenzo della Rabatta","url":"https:\/\/sanlorenzodellarabatta.com\/","logo":{"@type":"ImageObject","inLanguage":"fr-FR","@id":"https:\/\/sanlorenzodellarabatta.com\/#\/schema\/logo\/image\/","url":"https:\/\/sanlorenzodellarabatta.com\/wp-content\/uploads\/2024\/01\/logo-white-1.png","contentUrl":"https:\/\/sanlorenzodellarabatta.com\/wp-content\/uploads\/2024\/01\/logo-white-1.png","width":881,"height":202,"caption":"San Lorenzo della Rabatta"},"image":{"@id":"https:\/\/sanlorenzodellarabatta.com\/#\/schema\/logo\/image\/"}}]}},"_links":{"self":[{"href":"https:\/\/sanlorenzodellarabatta.com\/fr\/wp-json\/wp\/v2\/pages\/139","targetHints":{"allow":["GET"]}}],"collection":[{"href":"https:\/\/sanlorenzodellarabatta.com\/fr\/wp-json\/wp\/v2\/pages"}],"about":[{"href":"https:\/\/sanlorenzodellarabatta.com\/fr\/wp-json\/wp\/v2\/types\/page"}],"author":[{"embeddable":true,"href":"https:\/\/sanlorenzodellarabatta.com\/fr\/wp-json\/wp\/v2\/users\/1"}],"replies":[{"embeddable":true,"href":"https:\/\/sanlorenzodellarabatta.com\/fr\/wp-json\/wp\/v2\/comments?post=139"}],"version-history":[{"count":11,"href":"https:\/\/sanlorenzodellarabatta.com\/fr\/wp-json\/wp\/v2\/pages\/139\/revisions"}],"predecessor-version":[{"id":1256,"href":"https:\/\/sanlorenzodellarabatta.com\/fr\/wp-json\/wp\/v2\/pages\/139\/revisions\/1256"}],"wp:featuredmedia":[{"embeddable":true,"href":"https:\/\/sanlorenzodellarabatta.com\/fr\/wp-json\/wp\/v2\/media\/521"}],"wp:attachment":[{"href":"https:\/\/sanlorenzodellarabatta.com\/fr\/wp-json\/wp\/v2\/media?parent=139"}],"curies":[{"name":"wp","href":"https:\/\/api.w.org\/{rel}","templated":true}]}}