{"id":143,"date":"2024-01-24T15:52:24","date_gmt":"2024-01-24T15:52:24","guid":{"rendered":"https:\/\/staging.sanlorenzodellarabatta.com\/?page_id=143"},"modified":"2024-07-19T11:31:08","modified_gmt":"2024-07-19T11:31:08","slug":"wedding","status":"publish","type":"page","link":"https:\/\/sanlorenzodellarabatta.com\/fr\/wedding\/","title":{"rendered":"Mariage"},"content":{"rendered":"<p>Bienvenue \u00e0 San Lorenzo della Rabatta, un lieu magique o\u00f9 vos r\u00eaves de mariage deviennent r\u00e9alit\u00e9. Nich\u00e9 dans la campagne verdoyante des collines de l'Ombrie, avec sa beaut\u00e9 naturelle, il offre une atmosph\u00e8re romantique et un cadre parfait pour votre plus beau jour.<\/p>\n\n\n\n<p>Notre \u00e9quipe d'experts sera \u00e0 votre disposition pour vous aider \u00e0 organiser chaque d\u00e9tail, des d\u00e9corations florales aux tables, en passant par les menus personnalis\u00e9s et tout ce dont vous avez besoin pour vivre une exp\u00e9rience inoubliable qui restera \u00e0 jamais grav\u00e9e dans votre c\u0153ur.<\/p>","protected":false},"excerpt":{"rendered":"<p>\"C'est le maillon d'or d'une cha\u00eene dont le d\u00e9but est un regard et la fin l'\u00e9ternit\u00e9\".<\/p>","protected":false},"author":1,"featured_media":520,"parent":0,"menu_order":30,"comment_status":"closed","ping_status":"closed","template":"","meta":{"_acf_changed":false,"footnotes":""},"class_list":["post-143","page","type-page","status-publish","has-post-thumbnail","hentry"],"acf":[],"yoast_head":"<!-- This site is optimized with the Yoast SEO plugin v24.5 - https:\/\/yoast.com\/wordpress\/plugins\/seo\/ -->\n<title>Wedding - San Lorenzo della Rabatta<\/title>\n<meta name=\"robots\" content=\"index, follow, max-snippet:-1, max-image-preview:large, max-video-preview:-1\" \/>\n<link rel=\"canonical\" href=\"https:\/\/sanlorenzodellarabatta.com\/fr\/wedding\/\" \/>\n<meta property=\"og:locale\" content=\"fr_FR\" \/>\n<meta property=\"og:type\" content=\"article\" \/>\n<meta property=\"og:title\" content=\"Wedding - San Lorenzo della Rabatta\" \/>\n<meta property=\"og:description\" content=\"&quot;\u00c8 l\u2019anello d\u2019oro in una catena il cui inizio \u00e8 dato da uno sguardo e il cui termine \u00e8 l\u2019eternit\u00e0&quot;\" \/>\n<meta property=\"og:url\" content=\"https:\/\/sanlorenzodellarabatta.com\/fr\/wedding\/\" \/>\n<meta property=\"og:site_name\" content=\"San Lorenzo della Rabatta\" \/>\n<meta property=\"article:modified_time\" content=\"2024-07-19T11:31:08+00:00\" \/>\n<meta property=\"og:image\" content=\"https:\/\/sanlorenzodellarabatta.com\/wp-content\/uploads\/2024\/02\/bart.jpg\" \/>\n\t<meta property=\"og:image:width\" content=\"708\" \/>\n\t<meta property=\"og:image:height\" content=\"1064\" \/>\n\t<meta property=\"og:image:type\" content=\"image\/jpeg\" \/>\n<meta name=\"twitter:card\" content=\"summary_large_image\" \/>\n<meta name=\"twitter:label1\" content=\"Dur\u00e9e de lecture estim\u00e9e\" \/>\n\t<meta name=\"twitter:data1\" content=\"1 minute\" \/>\n<script type=\"application\/ld+json\" class=\"yoast-schema-graph\">{\"@context\":\"https:\/\/schema.org\",\"@graph\":[{\"@type\":\"WebPage\",\"@id\":\"https:\/\/sanlorenzodellarabatta.com\/wedding\/\",\"url\":\"https:\/\/sanlorenzodellarabatta.com\/wedding\/\",\"name\":\"Wedding - San Lorenzo della Rabatta\",\"isPartOf\":{\"@id\":\"https:\/\/sanlorenzodellarabatta.com\/#website\"},\"primaryImageOfPage\":{\"@id\":\"https:\/\/sanlorenzodellarabatta.com\/wedding\/#primaryimage\"},\"image\":{\"@id\":\"https:\/\/sanlorenzodellarabatta.com\/wedding\/#primaryimage\"},\"thumbnailUrl\":\"https:\/\/sanlorenzodellarabatta.com\/wp-content\/uploads\/2024\/02\/bart.jpg\",\"datePublished\":\"2024-01-24T15:52:24+00:00\",\"dateModified\":\"2024-07-19T11:31:08+00:00\",\"breadcrumb\":{\"@id\":\"https:\/\/sanlorenzodellarabatta.com\/wedding\/#breadcrumb\"},\"inLanguage\":\"fr-FR\",\"potentialAction\":[{\"@type\":\"ReadAction\",\"target\":[\"https:\/\/sanlorenzodellarabatta.com\/wedding\/\"]}]},{\"@type\":\"ImageObject\",\"inLanguage\":\"fr-FR\",\"@id\":\"https:\/\/sanlorenzodellarabatta.com\/wedding\/#primaryimage\",\"url\":\"https:\/\/sanlorenzodellarabatta.com\/wp-content\/uploads\/2024\/02\/bart.jpg\",\"contentUrl\":\"https:\/\/sanlorenzodellarabatta.com\/wp-content\/uploads\/2024\/02\/bart.jpg\",\"width\":708,\"height\":1064},{\"@type\":\"BreadcrumbList\",\"@id\":\"https:\/\/sanlorenzodellarabatta.com\/wedding\/#breadcrumb\",\"itemListElement\":[{\"@type\":\"ListItem\",\"position\":1,\"name\":\"Home\",\"item\":\"https:\/\/sanlorenzodellarabatta.com\/\"},{\"@type\":\"ListItem\",\"position\":2,\"name\":\"Wedding\"}]},{\"@type\":\"WebSite\",\"@id\":\"https:\/\/sanlorenzodellarabatta.com\/#website\",\"url\":\"https:\/\/sanlorenzodellarabatta.com\/\",\"name\":\"San Lorenzo della Rabatta\",\"description\":\"borgo medievale\",\"publisher\":{\"@id\":\"https:\/\/sanlorenzodellarabatta.com\/#organization\"},\"potentialAction\":[{\"@type\":\"SearchAction\",\"target\":{\"@type\":\"EntryPoint\",\"urlTemplate\":\"https:\/\/sanlorenzodellarabatta.com\/?s={search_term_string}\"},\"query-input\":{\"@type\":\"PropertyValueSpecification\",\"valueRequired\":true,\"valueName\":\"search_term_string\"}}],\"inLanguage\":\"fr-FR\"},{\"@type\":\"Organization\",\"@id\":\"https:\/\/sanlorenzodellarabatta.com\/#organization\",\"name\":\"San Lorenzo della Rabatta\",\"url\":\"https:\/\/sanlorenzodellarabatta.com\/\",\"logo\":{\"@type\":\"ImageObject\",\"inLanguage\":\"fr-FR\",\"@id\":\"https:\/\/sanlorenzodellarabatta.com\/#\/schema\/logo\/image\/\",\"url\":\"https:\/\/sanlorenzodellarabatta.com\/wp-content\/uploads\/2024\/01\/logo-white-1.png\",\"contentUrl\":\"https:\/\/sanlorenzodellarabatta.com\/wp-content\/uploads\/2024\/01\/logo-white-1.png\",\"width\":881,\"height\":202,\"caption\":\"San Lorenzo della Rabatta\"},\"image\":{\"@id\":\"https:\/\/sanlorenzodellarabatta.com\/#\/schema\/logo\/image\/\"}}]}<\/script>\n<!-- \/ Yoast SEO plugin. -->","yoast_head_json":{"title":"Wedding - San Lorenzo della Rabatta","robots":{"index":"index","follow":"follow","max-snippet":"max-snippet:-1","max-image-preview":"max-image-preview:large","max-video-preview":"max-video-preview:-1"},"canonical":"https:\/\/sanlorenzodellarabatta.com\/fr\/wedding\/","og_locale":"fr_FR","og_type":"article","og_title":"Wedding - San Lorenzo della Rabatta","og_description":"\"\u00c8 l\u2019anello d\u2019oro in una catena il cui inizio \u00e8 dato da uno sguardo e il cui termine \u00e8 l\u2019eternit\u00e0\"","og_url":"https:\/\/sanlorenzodellarabatta.com\/fr\/wedding\/","og_site_name":"San Lorenzo della Rabatta","article_modified_time":"2024-07-19T11:31:08+00:00","og_image":[{"width":708,"height":1064,"url":"https:\/\/sanlorenzodellarabatta.com\/wp-content\/uploads\/2024\/02\/bart.jpg","type":"image\/jpeg"}],"twitter_card":"summary_large_image","twitter_misc":{"Dur\u00e9e de lecture estim\u00e9e":"1 minute"},"schema":{"@context":"https:\/\/schema.org","@graph":[{"@type":"WebPage","@id":"https:\/\/sanlorenzodellarabatta.com\/wedding\/","url":"https:\/\/sanlorenzodellarabatta.com\/wedding\/","name":"Wedding - San Lorenzo della Rabatta","isPartOf":{"@id":"https:\/\/sanlorenzodellarabatta.com\/#website"},"primaryImageOfPage":{"@id":"https:\/\/sanlorenzodellarabatta.com\/wedding\/#primaryimage"},"image":{"@id":"https:\/\/sanlorenzodellarabatta.com\/wedding\/#primaryimage"},"thumbnailUrl":"https:\/\/sanlorenzodellarabatta.com\/wp-content\/uploads\/2024\/02\/bart.jpg","datePublished":"2024-01-24T15:52:24+00:00","dateModified":"2024-07-19T11:31:08+00:00","breadcrumb":{"@id":"https:\/\/sanlorenzodellarabatta.com\/wedding\/#breadcrumb"},"inLanguage":"fr-FR","potentialAction":[{"@type":"ReadAction","target":["https:\/\/sanlorenzodellarabatta.com\/wedding\/"]}]},{"@type":"ImageObject","inLanguage":"fr-FR","@id":"https:\/\/sanlorenzodellarabatta.com\/wedding\/#primaryimage","url":"https:\/\/sanlorenzodellarabatta.com\/wp-content\/uploads\/2024\/02\/bart.jpg","contentUrl":"https:\/\/sanlorenzodellarabatta.com\/wp-content\/uploads\/2024\/02\/bart.jpg","width":708,"height":1064},{"@type":"BreadcrumbList","@id":"https:\/\/sanlorenzodellarabatta.com\/wedding\/#breadcrumb","itemListElement":[{"@type":"ListItem","position":1,"name":"Home","item":"https:\/\/sanlorenzodellarabatta.com\/"},{"@type":"ListItem","position":2,"name":"Wedding"}]},{"@type":"WebSite","@id":"https:\/\/sanlorenzodellarabatta.com\/#website","url":"https:\/\/sanlorenzodellarabatta.com\/","name":"San Lorenzo della Rabatta","description":"borgo medievale","publisher":{"@id":"https:\/\/sanlorenzodellarabatta.com\/#organization"},"potentialAction":[{"@type":"SearchAction","target":{"@type":"EntryPoint","urlTemplate":"https:\/\/sanlorenzodellarabatta.com\/?s={search_term_string}"},"query-input":{"@type":"PropertyValueSpecification","valueRequired":true,"valueName":"search_term_string"}}],"inLanguage":"fr-FR"},{"@type":"Organization","@id":"https:\/\/sanlorenzodellarabatta.com\/#organization","name":"San Lorenzo della Rabatta","url":"https:\/\/sanlorenzodellarabatta.com\/","logo":{"@type":"ImageObject","inLanguage":"fr-FR","@id":"https:\/\/sanlorenzodellarabatta.com\/#\/schema\/logo\/image\/","url":"https:\/\/sanlorenzodellarabatta.com\/wp-content\/uploads\/2024\/01\/logo-white-1.png","contentUrl":"https:\/\/sanlorenzodellarabatta.com\/wp-content\/uploads\/2024\/01\/logo-white-1.png","width":881,"height":202,"caption":"San Lorenzo della Rabatta"},"image":{"@id":"https:\/\/sanlorenzodellarabatta.com\/#\/schema\/logo\/image\/"}}]}},"_links":{"self":[{"href":"https:\/\/sanlorenzodellarabatta.com\/fr\/wp-json\/wp\/v2\/pages\/143","targetHints":{"allow":["GET"]}}],"collection":[{"href":"https:\/\/sanlorenzodellarabatta.com\/fr\/wp-json\/wp\/v2\/pages"}],"about":[{"href":"https:\/\/sanlorenzodellarabatta.com\/fr\/wp-json\/wp\/v2\/types\/page"}],"author":[{"embeddable":true,"href":"https:\/\/sanlorenzodellarabatta.com\/fr\/wp-json\/wp\/v2\/users\/1"}],"replies":[{"embeddable":true,"href":"https:\/\/sanlorenzodellarabatta.com\/fr\/wp-json\/wp\/v2\/comments?post=143"}],"version-history":[{"count":22,"href":"https:\/\/sanlorenzodellarabatta.com\/fr\/wp-json\/wp\/v2\/pages\/143\/revisions"}],"predecessor-version":[{"id":1641,"href":"https:\/\/sanlorenzodellarabatta.com\/fr\/wp-json\/wp\/v2\/pages\/143\/revisions\/1641"}],"wp:featuredmedia":[{"embeddable":true,"href":"https:\/\/sanlorenzodellarabatta.com\/fr\/wp-json\/wp\/v2\/media\/520"}],"wp:attachment":[{"href":"https:\/\/sanlorenzodellarabatta.com\/fr\/wp-json\/wp\/v2\/media?parent=143"}],"curies":[{"name":"wp","href":"https:\/\/api.w.org\/{rel}","templated":true}]}}