{"id":149,"date":"2024-01-24T15:53:04","date_gmt":"2024-01-24T15:53:04","guid":{"rendered":"https:\/\/staging.sanlorenzodellarabatta.com\/?page_id=149"},"modified":"2024-03-12T11:35:41","modified_gmt":"2024-03-12T11:35:41","slug":"contatti","status":"publish","type":"page","link":"https:\/\/sanlorenzodellarabatta.com\/fr\/contatti\/","title":{"rendered":"Contact"},"content":{"rendered":"<div data-elementor-type=\"wp-page\" data-elementor-id=\"149\" class=\"elementor elementor-149\" data-elementor-post-type=\"page\">\n\t\t\t\t<div class=\"has_eae_slider elementor-element elementor-element-f599b98 e-flex e-con-boxed e-con e-parent\" data-id=\"f599b98\" data-element_type=\"container\">\n\t\t\t\t\t<div class=\"e-con-inner\">\n\t\t\t\t<div class=\"elementor-element elementor-element-9d52041 elementor-widget elementor-widget-spacer\" data-id=\"9d52041\" data-element_type=\"widget\" data-widget_type=\"spacer.default\">\n\t\t\t\t<div class=\"elementor-widget-container\">\n\t\t\t\t\t\t\t<div class=\"elementor-spacer\">\n\t\t\t<div class=\"elementor-spacer-inner\"><\/div>\n\t\t<\/div>\n\t\t\t\t\t\t<\/div>\n\t\t\t\t<\/div>\n\t\t\t\t<div class=\"elementor-element elementor-element-e8cb415 elementor-widget elementor-widget-theme-post-title elementor-page-title elementor-widget-heading\" data-id=\"e8cb415\" data-element_type=\"widget\" data-widget_type=\"theme-post-title.default\">\n\t\t\t\t<div class=\"elementor-widget-container\">\n\t\t\t\t\t<h1 class=\"elementor-heading-title elementor-size-default\">Contact<\/h1>\t\t\t\t<\/div>\n\t\t\t\t<\/div>\n\t\t\t\t\t<\/div>\n\t\t\t\t<\/div>\n\t\t<div class=\"has_eae_slider elementor-element elementor-element-b0bb162 e-flex e-con-boxed e-con e-parent\" data-id=\"b0bb162\" data-element_type=\"container\">\n\t\t\t\t\t<div class=\"e-con-inner\">\n\t\t\t\t<div class=\"elementor-element elementor-element-e658383 elementor-widget elementor-widget-google_maps\" data-id=\"e658383\" data-element_type=\"widget\" data-widget_type=\"google_maps.default\">\n\t\t\t\t<div class=\"elementor-widget-container\">\n\t\t\t\t\t\t\t<div class=\"elementor-custom-embed\">\n\t\t\t<iframe loading=\"lazy\"\n\t\t\t\t\tsrc=\"https:\/\/maps.google.com\/maps?q=agriturismo%20san%20lorenzo%20della%20rabatta&#038;t=m&#038;z=10&#038;output=embed&#038;iwloc=near\"\n\t\t\t\t\ttitle=\"agritourisme san lorenzo della rabatta\"\n\t\t\t\t\taria-label=\"agritourisme san lorenzo della rabatta\"\n\t\t\t><\/iframe>\n\t\t<\/div>\n\t\t\t\t\t\t<\/div>\n\t\t\t\t<\/div>\n\t\t\t\t\t<\/div>\n\t\t\t\t<\/div>\n\t\t<div class=\"has_eae_slider elementor-element elementor-element-d140497 e-con-full e-flex e-con e-child\" data-id=\"d140497\" data-element_type=\"container\">\n\t\t\t\t<div class=\"elementor-element elementor-element-fe1f329 elementor-icon-list--layout-inline elementor-list-item-link-inline elementor-align-center elementor-widget elementor-widget-icon-list\" data-id=\"fe1f329\" data-element_type=\"widget\" data-widget_type=\"icon-list.default\">\n\t\t\t\t<div class=\"elementor-widget-container\">\n\t\t\t\t\t\t\t<ul class=\"elementor-icon-list-items elementor-inline-items\">\n\t\t\t\t\t\t\t<li class=\"elementor-icon-list-item elementor-inline-item\">\n\t\t\t\t\t\t\t\t\t\t\t<a href=\"tel:+39075690764\" target=\"_blank\">\n\n\t\t\t\t\t\t\t\t\t\t\t\t<span class=\"elementor-icon-list-icon\">\n\t\t\t\t\t\t\t<svg aria-hidden=\"true\" class=\"e-font-icon-svg e-fas-phone-alt\" viewbox=\"0 0 512 512\" xmlns=\"http:\/\/www.w3.org\/2000\/svg\"><path d=\"M497.39 361.8l-112-48a24 24 0 0 0-28 6.9l-49.6 60.6A370.66 370.66 0 0 1 130.6 204.11l60.6-49.6a23.94 23.94 0 0 0 6.9-28l-48-112A24.16 24.16 0 0 0 122.6.61l-104 24A24 24 0 0 0 0 48c0 256.5 207.9 464 464 464a24 24 0 0 0 23.4-18.6l24-104a24.29 24.29 0 0 0-14.01-27.6z\"><\/path><\/svg>\t\t\t\t\t\t<\/span>\n\t\t\t\t\t\t\t\t\t\t<span class=\"elementor-icon-list-text\"><\/span>\n\t\t\t\t\t\t\t\t\t\t\t<\/a>\n\t\t\t\t\t\t\t\t\t<\/li>\n\t\t\t\t\t\t\t\t<li class=\"elementor-icon-list-item elementor-inline-item\">\n\t\t\t\t\t\t\t\t\t\t\t<a href=\"mailto:info@sanlorenzodellarabatta.com\" target=\"_blank\">\n\n\t\t\t\t\t\t\t\t\t\t\t\t<span class=\"elementor-icon-list-icon\">\n\t\t\t\t\t\t\t<svg aria-hidden=\"true\" class=\"e-font-icon-svg e-far-envelope\" viewbox=\"0 0 512 512\" xmlns=\"http:\/\/www.w3.org\/2000\/svg\"><path d=\"M464 64H48C21.49 64 0 85.49 0 112v288c0 26.51 21.49 48 48 48h416c26.51 0 48-21.49 48-48V112c0-26.51-21.49-48-48-48zm0 48v40.805c-22.422 18.259-58.168 46.651-134.587 106.49-16.841 13.247-50.201 45.072-73.413 44.701-23.208.375-56.579-31.459-73.413-44.701C106.18 199.465 70.425 171.067 48 152.805V112h416zM48 400V214.398c22.914 18.251 55.409 43.862 104.938 82.646 21.857 17.205 60.134 55.186 103.062 54.955 42.717.231 80.509-37.199 103.053-54.947 49.528-38.783 82.032-64.401 104.947-82.653V400H48z\"><\/path><\/svg>\t\t\t\t\t\t<\/span>\n\t\t\t\t\t\t\t\t\t\t<span class=\"elementor-icon-list-text\"><\/span>\n\t\t\t\t\t\t\t\t\t\t\t<\/a>\n\t\t\t\t\t\t\t\t\t<\/li>\n\t\t\t\t\t\t\t\t<li class=\"elementor-icon-list-item elementor-inline-item\">\n\t\t\t\t\t\t\t\t\t\t\t<a href=\"https:\/\/wa.me\/+393384409448\/\" target=\"_blank\">\n\n\t\t\t\t\t\t\t\t\t\t\t\t<span class=\"elementor-icon-list-icon\">\n\t\t\t\t\t\t\t<svg aria-hidden=\"true\" class=\"e-font-icon-svg e-fab-whatsapp\" viewbox=\"0 0 448 512\" xmlns=\"http:\/\/www.w3.org\/2000\/svg\"><path d=\"M380.9 97.1C339 55.1 283.2 32 223.9 32c-122.4 0-222 99.6-222 222 0 39.1 10.2 77.3 29.6 111L0 480l117.7-30.9c32.4 17.7 68.9 27 106.1 27h.1c122.3 0 224.1-99.6 224.1-222 0-59.3-25.2-115-67.1-157zm-157 341.6c-33.2 0-65.7-8.9-94-25.7l-6.7-4-69.8 18.3L72 359.2l-4.4-7c-18.5-29.4-28.2-63.3-28.2-98.2 0-101.7 82.8-184.5 184.6-184.5 49.3 0 95.6 19.2 130.4 54.1 34.8 34.9 56.2 81.2 56.1 130.5 0 101.8-84.9 184.6-186.6 184.6zm101.2-138.2c-5.5-2.8-32.8-16.2-37.9-18-5.1-1.9-8.8-2.8-12.5 2.8-3.7 5.6-14.3 18-17.6 21.8-3.2 3.7-6.5 4.2-12 1.4-32.6-16.3-54-29.1-75.5-66-5.7-9.8 5.7-9.1 16.3-30.3 1.8-3.7.9-6.9-.5-9.7-1.4-2.8-12.5-30.1-17.1-41.2-4.5-10.8-9.1-9.3-12.5-9.5-3.2-.2-6.9-.2-10.6-.2-3.7 0-9.7 1.4-14.8 6.9-5.1 5.6-19.4 19-19.4 46.3 0 27.3 19.9 53.7 22.6 57.4 2.8 3.7 39.1 59.7 94.8 83.8 35.2 15.2 49 16.5 66.6 13.9 10.7-1.6 32.8-13.4 37.4-26.4 4.6-13 4.6-24.1 3.2-26.4-1.3-2.5-5-3.9-10.5-6.6z\"><\/path><\/svg>\t\t\t\t\t\t<\/span>\n\t\t\t\t\t\t\t\t\t\t<span class=\"elementor-icon-list-text\"><\/span>\n\t\t\t\t\t\t\t\t\t\t\t<\/a>\n\t\t\t\t\t\t\t\t\t<\/li>\n\t\t\t\t\t\t<\/ul>\n\t\t\t\t\t\t<\/div>\n\t\t\t\t<\/div>\n\t\t\t\t<div class=\"elementor-element elementor-element-43fb445 elementor-widget elementor-widget-text-editor\" data-id=\"43fb445\" data-element_type=\"widget\" data-widget_type=\"text-editor.default\">\n\t\t\t\t<div class=\"elementor-widget-container\">\n\t\t\t\t\t\t\t\t\t<p>T\u00e9l\u00e9phone : <a href=\"tel:+39075690764\">+39 075690764<\/a><br \/><br \/>Courriel : <a href=\"mailto:info@sanlorenzodellarabatta.com\">info@sanlorenzodellarabatta.com<\/a><br \/><br \/>Whatsapp : <a href=\"https:\/\/wa.me\/+393384409448\/\">+393384409448<\/a><\/p>\t\t\t\t\t\t\t\t<\/div>\n\t\t\t\t<\/div>\n\t\t\t\t<\/div>\n\t\t<div class=\"has_eae_slider elementor-element elementor-element-cb4f842 e-flex e-con-boxed e-con e-parent\" data-id=\"cb4f842\" data-element_type=\"container\">\n\t\t\t\t\t<div class=\"e-con-inner\">\n\t\t\t\t<div class=\"elementor-element elementor-element-fe2e07c elementor-widget-divider--view-line_icon elementor-view-default elementor-widget-divider--element-align-center elementor-widget elementor-widget-divider\" data-id=\"fe2e07c\" data-element_type=\"widget\" data-widget_type=\"divider.default\">\n\t\t\t\t<div class=\"elementor-widget-container\">\n\t\t\t\t\t\t\t<div class=\"elementor-divider\">\n\t\t\t<span class=\"elementor-divider-separator\">\n\t\t\t\t\t\t\t<div class=\"elementor-icon elementor-divider__element\">\n\t\t\t\t\t<svg xmlns=\"http:\/\/www.w3.org\/2000\/svg\" id=\"Livello_2\" viewbox=\"0 0 31.1 40.98\"><g id=\"Livello_1-2\"><g id=\"EYu4yN\"><path d=\"M31.1,22.95c.03-3.91-.06-7.91-.18-11.67-.05-1.54.52-3.57-.64-4.81-1.69-.66-2.35-.82-3.49-2.32-2.01-2.21-.04-3.9-2.44-4.02-3.06-.3-6.36.08-9.48.16-2.69.19-5.69-.46-8.41-.09-.45.16-.66.57-.85.95-.73,1.52-2.39,2.54-3.93,3.34-.42.22-.96.3-1.09.76C-.22,12.62-.08,20.22.33,27.68c.18,2,1.36,3.77,2.93,5.1,1.44.89,2.96,1.64,4.57,2.21,2.71,1.14,5.16,2.77,6.71,5.14.24.37.79,1.28,1.2.6.75-2.74,3.25-4.02,5.93-5.13,1.65-.74,3.24-1.5,4.85-2.27,4.85-2.54,4.21-5.83,4.57-10.37h0ZM28.94,19.85c-.05,3.57.61,8-2.4,10.77-.34.25-.77.38-1.17.54-.56.22-1.04.57-1.55.86-.86.47-1.74.96-2.54,1.49-.75.49-1.62.89-2.45,1.22-.84.22-1.62.58-2.24,1.16-.25.22-.52.42-.77.66-.19.18-.42.43-.69.46-.11,0-.2-.09-.3-.25-.14-.23-.32-.52-.54-.72-2.97-2.94-8.76-3.41-11.15-6.86-.38-.6-.45-1.31-.61-1.98-.91-3.06-.54-6.49-.53-9.6,0-.99-.15-1.97-.06-2.96.05-.53.22-1.07.16-1.6-.06-.4-.13-.78-.09-1.2.15-1.39.24-2.79.25-4.23,0-.3.03-.62.16-.88.19-.39.62-.59.99-.81.73-.49,1.45-.94,2.14-1.5.57-.54,1.25-.95,1.84-1.45.39-.37.67-.93,1.3-.94.75.06,1.48-.03,2.24-.02.64.05,1.26.25,1.9.3.52.04,1.03-.08,1.55-.09.56-.02,1.12.05,1.67.05,1.64.17,6.64-.88,7.55.11.59.65.81,1.54,1.43,2.18.92,1.02,2.18,1.89,3.05,3,.24.35.33.75.36,1.16.21,3.72.56,7.45.49,11.12h0Z\" style=\"fill:#073b33; stroke-width:0px;\"><\/path><path d=\"M24,19.54c.03-.8-.21-1.61-.22-2.39.06-.65.03-1.37.06-2,.03-.41.24-.81.19-1.22-.1-.59-.91-.6-1.43-.63-1.57,0-3.31.06-4.98.04-.27-.01-.56-.05-.77-.22-.4-.31-.47-.9-.51-1.36.09-2.3-.11-4.63-.21-6.97-.01-.37-.04-.78-.23-1.1-.28-.52-.9-.52-1.26-.06-.99,1.49-.4,6.42-.05,8.23.13.68-.23,1.43-.96,1.66-.48.13-1.02.03-1.51-.02-.56-.07-1.11-.09-1.67-.1-.85.01-1.73-.22-2.56-.06-1.02.32-1.14,1.51-1.2,2.41-.07,1.19.21,2.4.33,3.57.04.68.05,1.3.16,1.99.07.44.21.89.27,1.32.07,2.03-.18,5.26.19,6.9.39,2.91,3.35,1.76,9.21,1.65,1.7-.04,3.07,0,4.86.09.59.04,1.29-.1,1.66-.54.25-.28.28-.67.37-1.04.1-.41.22-.81.13-1.23-.69-2.93.34-5.96.12-8.91h0ZM9.3,17.38c-.03-.28-.02-.56-.03-.85,0-.66-.01-1.37.45-1.55.4-.14.9,0,1.32.06.72.12,1.37.38,2.09.57.38.1.8.21,1.04.52.3.42.22.97.36,1.46.07.27.12.61-.19.76-.38.18-.81.22-1.24.31-.84.12-1.92.27-2.71.06-.7-.16-1.06-.68-1.09-1.33h0ZM9.43,22.8c-.03-.17-.04-.33-.05-.5-.02-.41-.09-.85.16-1.14.53-.51,2.1-.29,2.89-.32.38,0,.77-.05,1.14.04.53.15.67.74.74,1.4.02.46.11,1.08-.09,1.47-.34.56-1.12.59-1.75.57-.34,0-.68,0-1.02-.05-.39-.06-.71,0-1.07,0-.65-.07-.83-.98-.94-1.45h0ZM14.98,28.48c-.33,1.1-1.92.9-2.87.75-.46-.09-.95-.12-1.41-.17-.52,0-.71-.34-.84-.75-.2-.6-.2-1.27.12-1.83.22-.41.71-.53,1.16-.59.48-.09.96-.16,1.42,0,.18.05.36.1.54.14.35.07.73.06,1.06.22.86.36,1.03,1.42.83,2.23h0ZM16.82,16.67c.28-1.56,2.22-1.04,3.67-.88.3.04.66.06.87.27.22.21.26.62.39.96.1.28.33.98.33,1.22-.06,1.09-3.35.53-4.22.52-.29-.02-.6-.28-.79-.49-.17-.18-.22-.69-.26-.98-.02-.2-.03-.41,0-.62h0ZM21.56,27.53c-.06,1.39-.02,1.68-1.68,1.68-.5.03-.99.1-1.5.06-.37-.03-.71-.04-.99-.17-.33-.15-.43-.5-.52-.8-.12-.42-.21-1.29-.23-1.74-.07-.95,1.09-.4,1.7-.35.77.1,1.57-.03,2.34-.09.78-.07.98.75.89,1.4h0ZM22.19,23.73c-.2.42-.49.47-.9.65-.4.15-.76.06-1.18.14-.29.06-.59.07-.88.08-.61.03-1.3-.15-1.85-.22-.25-.03-.53,0-.73-.15-.43-.38-.23-.73-.25-1.23-.01-.38-.06-.39.03-.77.13-.5-.03-.7.14-1.18.19-.55.64-.73,1.22-.6.6.11,1.42.16,2.01.21.28.03.54,0,.82-.01.4-.02.96.04,1.27.25.31.2.31.56.35.88.05.46-.05.91.02,1.36.03.2.02.4-.06.58h0Z\" style=\"fill:#073b33; stroke-width:0px;\"><\/path><\/g><\/g><\/svg><\/div>\n\t\t\t\t\t\t<\/span>\n\t\t<\/div>\n\t\t\t\t\t\t<\/div>\n\t\t\t\t<\/div>\n\t\t\t\t\t<\/div>\n\t\t\t\t<\/div>\n\t\t<div class=\"has_eae_slider elementor-element elementor-element-481dbf7 e-flex e-con-boxed e-con e-parent\" data-id=\"481dbf7\" data-element_type=\"container\">\n\t\t\t\t\t<div class=\"e-con-inner\">\n\t\t\t\t<div class=\"elementor-element elementor-element-9369280 elementor-widget elementor-widget-heading\" data-id=\"9369280\" data-element_type=\"widget\" data-widget_type=\"heading.default\">\n\t\t\t\t<div class=\"elementor-widget-container\">\n\t\t\t\t\t<h2 class=\"elementor-heading-title elementor-size-default\">S'abonner \u00e0 la lettre d'information<\/h2>\t\t\t\t<\/div>\n\t\t\t\t<\/div>\n\t\t\t\t<div class=\"elementor-element elementor-element-0d485e2 elementor-widget elementor-widget-htmega-mailchimp-wp-addons\" data-id=\"0d485e2\" data-element_type=\"widget\" data-widget_type=\"htmega-mailchimp-wp-addons.default\">\n\t\t\t\t<div class=\"elementor-widget-container\">\n\t\t\t\t\t            <div class=\"htmega-mailchimp htmega-mailchimp-style-2\" >\n                <div class=\"htmega-input-box\">\n                    <script>(function() {\n\twindow.mc4wp = window.mc4wp || {\n\t\tlisteners: [],\n\t\tforms: {\n\t\t\ton: function(evt, cb) {\n\t\t\t\twindow.mc4wp.listeners.push(\n\t\t\t\t\t{\n\t\t\t\t\t\tevent   : evt,\n\t\t\t\t\t\tcallback: cb\n\t\t\t\t\t}\n\t\t\t\t);\n\t\t\t}\n\t\t}\n\t}\n})();\n<\/script><!-- Mailchimp for WordPress v4.10.1 - https:\/\/wordpress.org\/plugins\/mailchimp-for-wp\/ --><form id=\"mc4wp-form-1\" class=\"mc4wp-form mc4wp-form-402\" method=\"post\" data-id=\"402\" data-name=\"\" action=\"\" ><div class=\"mc4wp-form-fields\"><p>\r\n\t<label>\r\n\t\t<input type=\"email\" name=\"EMAIL\" placeholder=\"Votre adresse \u00e9lectronique\" required style=\"width:300px\"\/>\r\n<\/label>\r\n<\/p>\r\n\r\n<p>\r\n    <label>\r\n        <input type=\"checkbox\" name=\"AGREE_TO_TERMS\" value=\"1\" required=\"\"> J'ai lu et j'accepte les <a href=\"https:\/\/sanlorenzodellarabatta.com\/fr\/privacy-policy\/\">Politique de confidentialit\u00e9<\/a><\/label>\r\n<\/p>\r\n\r\n<p>\r\n\t<input type=\"submit\" value=\"S&#039;inscrire\" \/>\r\n<\/p><\/div><label style=\"display: none !important;\">Laissez ce champ vide si vous \u00eates humain : <input type=\"text\" name=\"_mc4wp_honeypot\" value=\"\" tabindex=\"-1\" autocomplete=\"off\" \/><\/label><input type=\"hidden\" name=\"_mc4wp_timestamp\" value=\"1777219286\" \/><input type=\"hidden\" name=\"_mc4wp_form_id\" value=\"402\" \/><input type=\"hidden\" name=\"_mc4wp_form_element_id\" value=\"mc4wp-form-1\" \/><div class=\"mc4wp-response\"><\/div><input type=\"hidden\" name=\"trp-form-language\" value=\"fr\"\/><\/form><!-- \/ Mailchimp for WordPress Plugin -->                <\/div>\n            <\/div>\n        \t\t\t\t<\/div>\n\t\t\t\t<\/div>\n\t\t\t\t\t<\/div>\n\t\t\t\t<\/div>\n\t\t\t\t<\/div>","protected":false},"excerpt":{"rendered":"<p>T\u00e9l\u00e9phone : +39 075690764 Courriel : info@sanlorenzodellarabatta.com Whatsapp : +393384409448 S'abonner \u00e0 la lettre d'information J'ai lu et j'accepte les conditions g\u00e9n\u00e9rales Laissez ce champ vide si vous \u00eates un \u00eatre humain :<\/p>","protected":false},"author":1,"featured_media":0,"parent":0,"menu_order":0,"comment_status":"closed","ping_status":"closed","template":"elementor_header_footer","meta":{"_acf_changed":false,"footnotes":""},"class_list":["post-149","page","type-page","status-publish","hentry"],"acf":[],"yoast_head":"<!-- This site is optimized with the Yoast SEO plugin v24.5 - https:\/\/yoast.com\/wordpress\/plugins\/seo\/ -->\n<title>Contatti - San Lorenzo della Rabatta<\/title>\n<meta name=\"robots\" content=\"index, follow, max-snippet:-1, max-image-preview:large, max-video-preview:-1\" \/>\n<link rel=\"canonical\" href=\"https:\/\/sanlorenzodellarabatta.com\/fr\/contatti\/\" \/>\n<meta property=\"og:locale\" content=\"fr_FR\" \/>\n<meta property=\"og:type\" content=\"article\" \/>\n<meta property=\"og:title\" content=\"Contatti - San Lorenzo della Rabatta\" \/>\n<meta property=\"og:description\" content=\"Telefono: +39 075690764 Email: info@sanlorenzodellarabatta.com Whatsapp: +393384409448 Iscriviti alla Newsletter Ho letto e accetto i termini e le condizioni Lascia questo campo vuoto se sei umano:\" \/>\n<meta property=\"og:url\" content=\"https:\/\/sanlorenzodellarabatta.com\/fr\/contatti\/\" \/>\n<meta property=\"og:site_name\" content=\"San Lorenzo della Rabatta\" \/>\n<meta property=\"article:modified_time\" content=\"2024-03-12T11:35:41+00:00\" \/>\n<meta name=\"twitter:card\" content=\"summary_large_image\" \/>\n<meta name=\"twitter:label1\" content=\"Dur\u00e9e de lecture estim\u00e9e\" \/>\n\t<meta name=\"twitter:data1\" content=\"1 minute\" \/>\n<script type=\"application\/ld+json\" class=\"yoast-schema-graph\">{\"@context\":\"https:\/\/schema.org\",\"@graph\":[{\"@type\":\"WebPage\",\"@id\":\"https:\/\/sanlorenzodellarabatta.com\/contatti\/\",\"url\":\"https:\/\/sanlorenzodellarabatta.com\/contatti\/\",\"name\":\"Contatti - San Lorenzo della Rabatta\",\"isPartOf\":{\"@id\":\"https:\/\/sanlorenzodellarabatta.com\/#website\"},\"datePublished\":\"2024-01-24T15:53:04+00:00\",\"dateModified\":\"2024-03-12T11:35:41+00:00\",\"breadcrumb\":{\"@id\":\"https:\/\/sanlorenzodellarabatta.com\/contatti\/#breadcrumb\"},\"inLanguage\":\"fr-FR\",\"potentialAction\":[{\"@type\":\"ReadAction\",\"target\":[\"https:\/\/sanlorenzodellarabatta.com\/contatti\/\"]}]},{\"@type\":\"BreadcrumbList\",\"@id\":\"https:\/\/sanlorenzodellarabatta.com\/contatti\/#breadcrumb\",\"itemListElement\":[{\"@type\":\"ListItem\",\"position\":1,\"name\":\"Home\",\"item\":\"https:\/\/sanlorenzodellarabatta.com\/\"},{\"@type\":\"ListItem\",\"position\":2,\"name\":\"Contatti\"}]},{\"@type\":\"WebSite\",\"@id\":\"https:\/\/sanlorenzodellarabatta.com\/#website\",\"url\":\"https:\/\/sanlorenzodellarabatta.com\/\",\"name\":\"San Lorenzo della Rabatta\",\"description\":\"borgo medievale\",\"publisher\":{\"@id\":\"https:\/\/sanlorenzodellarabatta.com\/#organization\"},\"potentialAction\":[{\"@type\":\"SearchAction\",\"target\":{\"@type\":\"EntryPoint\",\"urlTemplate\":\"https:\/\/sanlorenzodellarabatta.com\/?s={search_term_string}\"},\"query-input\":{\"@type\":\"PropertyValueSpecification\",\"valueRequired\":true,\"valueName\":\"search_term_string\"}}],\"inLanguage\":\"fr-FR\"},{\"@type\":\"Organization\",\"@id\":\"https:\/\/sanlorenzodellarabatta.com\/#organization\",\"name\":\"San Lorenzo della Rabatta\",\"url\":\"https:\/\/sanlorenzodellarabatta.com\/\",\"logo\":{\"@type\":\"ImageObject\",\"inLanguage\":\"fr-FR\",\"@id\":\"https:\/\/sanlorenzodellarabatta.com\/#\/schema\/logo\/image\/\",\"url\":\"https:\/\/sanlorenzodellarabatta.com\/wp-content\/uploads\/2024\/01\/logo-white-1.png\",\"contentUrl\":\"https:\/\/sanlorenzodellarabatta.com\/wp-content\/uploads\/2024\/01\/logo-white-1.png\",\"width\":881,\"height\":202,\"caption\":\"San Lorenzo della Rabatta\"},\"image\":{\"@id\":\"https:\/\/sanlorenzodellarabatta.com\/#\/schema\/logo\/image\/\"}}]}<\/script>\n<!-- \/ Yoast SEO plugin. -->","yoast_head_json":{"title":"Contatti - San Lorenzo della Rabatta","robots":{"index":"index","follow":"follow","max-snippet":"max-snippet:-1","max-image-preview":"max-image-preview:large","max-video-preview":"max-video-preview:-1"},"canonical":"https:\/\/sanlorenzodellarabatta.com\/fr\/contatti\/","og_locale":"fr_FR","og_type":"article","og_title":"Contatti - San Lorenzo della Rabatta","og_description":"Telefono: +39 075690764 Email: info@sanlorenzodellarabatta.com Whatsapp: +393384409448 Iscriviti alla Newsletter Ho letto e accetto i termini e le condizioni Lascia questo campo vuoto se sei umano:","og_url":"https:\/\/sanlorenzodellarabatta.com\/fr\/contatti\/","og_site_name":"San Lorenzo della Rabatta","article_modified_time":"2024-03-12T11:35:41+00:00","twitter_card":"summary_large_image","twitter_misc":{"Dur\u00e9e de lecture estim\u00e9e":"1 minute"},"schema":{"@context":"https:\/\/schema.org","@graph":[{"@type":"WebPage","@id":"https:\/\/sanlorenzodellarabatta.com\/contatti\/","url":"https:\/\/sanlorenzodellarabatta.com\/contatti\/","name":"Contatti - San Lorenzo della Rabatta","isPartOf":{"@id":"https:\/\/sanlorenzodellarabatta.com\/#website"},"datePublished":"2024-01-24T15:53:04+00:00","dateModified":"2024-03-12T11:35:41+00:00","breadcrumb":{"@id":"https:\/\/sanlorenzodellarabatta.com\/contatti\/#breadcrumb"},"inLanguage":"fr-FR","potentialAction":[{"@type":"ReadAction","target":["https:\/\/sanlorenzodellarabatta.com\/contatti\/"]}]},{"@type":"BreadcrumbList","@id":"https:\/\/sanlorenzodellarabatta.com\/contatti\/#breadcrumb","itemListElement":[{"@type":"ListItem","position":1,"name":"Home","item":"https:\/\/sanlorenzodellarabatta.com\/"},{"@type":"ListItem","position":2,"name":"Contatti"}]},{"@type":"WebSite","@id":"https:\/\/sanlorenzodellarabatta.com\/#website","url":"https:\/\/sanlorenzodellarabatta.com\/","name":"San Lorenzo della Rabatta","description":"borgo medievale","publisher":{"@id":"https:\/\/sanlorenzodellarabatta.com\/#organization"},"potentialAction":[{"@type":"SearchAction","target":{"@type":"EntryPoint","urlTemplate":"https:\/\/sanlorenzodellarabatta.com\/?s={search_term_string}"},"query-input":{"@type":"PropertyValueSpecification","valueRequired":true,"valueName":"search_term_string"}}],"inLanguage":"fr-FR"},{"@type":"Organization","@id":"https:\/\/sanlorenzodellarabatta.com\/#organization","name":"San Lorenzo della Rabatta","url":"https:\/\/sanlorenzodellarabatta.com\/","logo":{"@type":"ImageObject","inLanguage":"fr-FR","@id":"https:\/\/sanlorenzodellarabatta.com\/#\/schema\/logo\/image\/","url":"https:\/\/sanlorenzodellarabatta.com\/wp-content\/uploads\/2024\/01\/logo-white-1.png","contentUrl":"https:\/\/sanlorenzodellarabatta.com\/wp-content\/uploads\/2024\/01\/logo-white-1.png","width":881,"height":202,"caption":"San Lorenzo della Rabatta"},"image":{"@id":"https:\/\/sanlorenzodellarabatta.com\/#\/schema\/logo\/image\/"}}]}},"_links":{"self":[{"href":"https:\/\/sanlorenzodellarabatta.com\/fr\/wp-json\/wp\/v2\/pages\/149","targetHints":{"allow":["GET"]}}],"collection":[{"href":"https:\/\/sanlorenzodellarabatta.com\/fr\/wp-json\/wp\/v2\/pages"}],"about":[{"href":"https:\/\/sanlorenzodellarabatta.com\/fr\/wp-json\/wp\/v2\/types\/page"}],"author":[{"embeddable":true,"href":"https:\/\/sanlorenzodellarabatta.com\/fr\/wp-json\/wp\/v2\/users\/1"}],"replies":[{"embeddable":true,"href":"https:\/\/sanlorenzodellarabatta.com\/fr\/wp-json\/wp\/v2\/comments?post=149"}],"version-history":[{"count":22,"href":"https:\/\/sanlorenzodellarabatta.com\/fr\/wp-json\/wp\/v2\/pages\/149\/revisions"}],"predecessor-version":[{"id":1179,"href":"https:\/\/sanlorenzodellarabatta.com\/fr\/wp-json\/wp\/v2\/pages\/149\/revisions\/1179"}],"wp:attachment":[{"href":"https:\/\/sanlorenzodellarabatta.com\/fr\/wp-json\/wp\/v2\/media?parent=149"}],"curies":[{"name":"wp","href":"https:\/\/api.w.org\/{rel}","templated":true}]}}